{"id":5306,"date":"2025-02-08T12:52:08","date_gmt":"2025-02-08T11:52:08","guid":{"rendered":"https:\/\/stg.fusiongrill.hu\/?post_type=product&#038;p=5306"},"modified":"2026-03-12T10:51:29","modified_gmt":"2026-03-12T09:51:29","slug":"dhal-palak","status":"publish","type":"product","link":"https:\/\/fusiongrill.hu\/en\/termekek\/dhal-palak\/","title":{"rendered":"Dhal Palak"},"content":{"rendered":"<p>\u00cdzletes spen\u00f3tos, lencs\u00e9s dhal indiai f\u0171szerekkel \u00e9s f\u0171szern\u00f6v\u00e9nyekkel<\/p>","protected":false},"excerpt":{"rendered":"<p>This healthy and comforting spinach dahl is made with spinach, lentils,  indian spices and herbs.<\/p>","protected":false},"featured_media":6134,"template":"","meta":[],"product_cat":[50,126,89],"product_tag":[],"class_list":{"0":"post-5306","1":"product","2":"type-product","3":"status-publish","4":"has-post-thumbnail","6":"product_cat-indiai","7":"product_cat-vegetarianus-es-vegan-fogasok","8":"product_cat-vegetarianus","10":"first","11":"instock","12":"shipping-taxable","13":"purchasable","14":"product-type-simple"},"_links":{"self":[{"href":"https:\/\/fusiongrill.hu\/en\/wp-json\/wp\/v2\/product\/5306","targetHints":{"allow":["GET"]}}],"collection":[{"href":"https:\/\/fusiongrill.hu\/en\/wp-json\/wp\/v2\/product"}],"about":[{"href":"https:\/\/fusiongrill.hu\/en\/wp-json\/wp\/v2\/types\/product"}],"wp:featuredmedia":[{"embeddable":true,"href":"https:\/\/fusiongrill.hu\/en\/wp-json\/wp\/v2\/media\/6134"}],"wp:attachment":[{"href":"https:\/\/fusiongrill.hu\/en\/wp-json\/wp\/v2\/media?parent=5306"}],"wp:term":[{"taxonomy":"product_cat","embeddable":true,"href":"https:\/\/fusiongrill.hu\/en\/wp-json\/wp\/v2\/product_cat?post=5306"},{"taxonomy":"product_tag","embeddable":true,"href":"https:\/\/fusiongrill.hu\/en\/wp-json\/wp\/v2\/product_tag?post=5306"}],"curies":[{"name":"wp","href":"https:\/\/api.w.org\/{rel}","templated":true}]}}