{"id":4457,"date":"2026-02-04T09:54:07","date_gmt":"2026-02-04T08:54:07","guid":{"rendered":"https:\/\/stg.fusiongrill.hu\/?post_type=product&#038;p=4457"},"modified":"2026-03-04T11:31:44","modified_gmt":"2026-03-04T10:31:44","slug":"crespelle-gianduja","status":"publish","type":"product","link":"https:\/\/fusiongrill.hu\/en\/termekek\/crespelle-gianduja\/","title":{"rendered":"Crespelle Gianduja (3db)"},"content":{"rendered":"","protected":false},"excerpt":{"rendered":"<p><span data-sheets-value=\"{&quot;1&quot;:2,&quot;2&quot;:&quot;Mogyor\u00f3kr\u00e9mes palacsinta tejsz\u00ednhabbal.&quot;}\" data-sheets-userformat=\"{&quot;2&quot;:15103,&quot;3&quot;:{&quot;1&quot;:0},&quot;4&quot;:{&quot;1&quot;:2,&quot;2&quot;:16777215},&quot;5&quot;:{&quot;1&quot;:[{&quot;1&quot;:2,&quot;2&quot;:0,&quot;5&quot;:{&quot;1&quot;:2,&quot;2&quot;:0}},{&quot;1&quot;:0,&quot;2&quot;:0,&quot;3&quot;:3},{&quot;1&quot;:1,&quot;2&quot;:0,&quot;4&quot;:1}]},&quot;6&quot;:{&quot;1&quot;:[{&quot;1&quot;:2,&quot;2&quot;:0,&quot;5&quot;:{&quot;1&quot;:2,&quot;2&quot;:0}},{&quot;1&quot;:0,&quot;2&quot;:0,&quot;3&quot;:3},{&quot;1&quot;:1,&quot;2&quot;:0,&quot;4&quot;:1}]},&quot;7&quot;:{&quot;1&quot;:[{&quot;1&quot;:2,&quot;2&quot;:0,&quot;5&quot;:{&quot;1&quot;:2,&quot;2&quot;:0}},{&quot;1&quot;:0,&quot;2&quot;:0,&quot;3&quot;:3},{&quot;1&quot;:1,&quot;2&quot;:0,&quot;4&quot;:1}]},&quot;8&quot;:{&quot;1&quot;:[{&quot;1&quot;:2,&quot;2&quot;:0,&quot;5&quot;:{&quot;1&quot;:2,&quot;2&quot;:0}},{&quot;1&quot;:0,&quot;2&quot;:0,&quot;3&quot;:3},{&quot;1&quot;:1,&quot;2&quot;:0,&quot;4&quot;:1}]},&quot;9&quot;:0,&quot;10&quot;:1,&quot;12&quot;:0,&quot;14&quot;:{&quot;1&quot;:2,&quot;2&quot;:0},&quot;15&quot;:&quot;Calibri&quot;,&quot;16&quot;:11}\">Mogyor\u00f3kr\u00e9mes palacsinta tejsz\u00ednhabbal.<\/span><\/p>\n","protected":false},"featured_media":6133,"template":"","meta":[],"product_cat":[51,28],"product_tag":[],"class_list":{"0":"post-4457","1":"product","2":"type-product","3":"status-publish","4":"has-post-thumbnail","6":"product_cat-olasz","7":"product_cat-desszertek","9":"first","10":"instock","11":"shipping-taxable","12":"purchasable","13":"product-type-simple"},"_links":{"self":[{"href":"https:\/\/fusiongrill.hu\/en\/wp-json\/wp\/v2\/product\/4457","targetHints":{"allow":["GET"]}}],"collection":[{"href":"https:\/\/fusiongrill.hu\/en\/wp-json\/wp\/v2\/product"}],"about":[{"href":"https:\/\/fusiongrill.hu\/en\/wp-json\/wp\/v2\/types\/product"}],"wp:featuredmedia":[{"embeddable":true,"href":"https:\/\/fusiongrill.hu\/en\/wp-json\/wp\/v2\/media\/6133"}],"wp:attachment":[{"href":"https:\/\/fusiongrill.hu\/en\/wp-json\/wp\/v2\/media?parent=4457"}],"wp:term":[{"taxonomy":"product_cat","embeddable":true,"href":"https:\/\/fusiongrill.hu\/en\/wp-json\/wp\/v2\/product_cat?post=4457"},{"taxonomy":"product_tag","embeddable":true,"href":"https:\/\/fusiongrill.hu\/en\/wp-json\/wp\/v2\/product_tag?post=4457"}],"curies":[{"name":"wp","href":"https:\/\/api.w.org\/{rel}","templated":true}]}}