{"id":4438,"date":"2026-03-04T09:06:27","date_gmt":"2026-03-04T08:06:27","guid":{"rendered":"https:\/\/stg.fusiongrill.hu\/?post_type=product&#038;p=4438"},"modified":"2026-03-12T10:53:15","modified_gmt":"2026-03-12T09:53:15","slug":"csirkes-tikka-masala","status":"publish","type":"product","link":"https:\/\/fusiongrill.hu\/en\/termekek\/csirkes-tikka-masala\/","title":{"rendered":"Chicken Tikka Masala"},"content":{"rendered":"","protected":false},"excerpt":{"rendered":"<p><span data-sheets-value=\"{&quot;1&quot;:2,&quot;2&quot;:&quot;Zamatos csirkeh\u00fas fil\u00e9 indiai curry f\u0171szerben p\u00e1colva \u00e9s k\u00fcl\u00f6nleges tikka sz\u00f3szunkban f\u0151zve.&quot;}\" data-sheets-userformat=\"{&quot;2&quot;:957,&quot;3&quot;:{&quot;1&quot;:0},&quot;5&quot;:{&quot;1&quot;:[{&quot;1&quot;:2,&quot;2&quot;:0,&quot;5&quot;:{&quot;1&quot;:2,&quot;2&quot;:0}},{&quot;1&quot;:0,&quot;2&quot;:0,&quot;3&quot;:3},{&quot;1&quot;:1,&quot;2&quot;:0,&quot;4&quot;:1}]},&quot;6&quot;:{&quot;1&quot;:[{&quot;1&quot;:2,&quot;2&quot;:0,&quot;5&quot;:{&quot;1&quot;:2,&quot;2&quot;:0}},{&quot;1&quot;:0,&quot;2&quot;:0,&quot;3&quot;:3},{&quot;1&quot;:1,&quot;2&quot;:0,&quot;4&quot;:1}]},&quot;7&quot;:{&quot;1&quot;:[{&quot;1&quot;:2,&quot;2&quot;:0,&quot;5&quot;:{&quot;1&quot;:2,&quot;2&quot;:0}},{&quot;1&quot;:0,&quot;2&quot;:0,&quot;3&quot;:3},{&quot;1&quot;:1,&quot;2&quot;:0,&quot;4&quot;:1}]},&quot;8&quot;:{&quot;1&quot;:[{&quot;1&quot;:2,&quot;2&quot;:0,&quot;5&quot;:{&quot;1&quot;:2,&quot;2&quot;:0}},{&quot;1&quot;:0,&quot;2&quot;:0,&quot;3&quot;:3},{&quot;1&quot;:1,&quot;2&quot;:0,&quot;4&quot;:1}]},&quot;10&quot;:0,&quot;11&quot;:4,&quot;12&quot;:0}\">Zamatos csirkeh\u00fas fil\u00e9 indiai curry f\u0171szerben p\u00e1colva \u00e9s k\u00fcl\u00f6nleges tikka sz\u00f3szunkban f\u0151zve.<\/span><\/p>\n","protected":false},"featured_media":6139,"template":"","meta":[],"product_cat":[118,50,88],"product_tag":[],"class_list":{"0":"post-4438","1":"product","2":"type-product","3":"status-publish","4":"has-post-thumbnail","6":"product_cat-tradicionalis-indiai-curryk","7":"product_cat-indiai","8":"product_cat-csirkes-indiai","10":"first","11":"instock","12":"shipping-taxable","13":"purchasable","14":"product-type-simple"},"_links":{"self":[{"href":"https:\/\/fusiongrill.hu\/en\/wp-json\/wp\/v2\/product\/4438","targetHints":{"allow":["GET"]}}],"collection":[{"href":"https:\/\/fusiongrill.hu\/en\/wp-json\/wp\/v2\/product"}],"about":[{"href":"https:\/\/fusiongrill.hu\/en\/wp-json\/wp\/v2\/types\/product"}],"wp:featuredmedia":[{"embeddable":true,"href":"https:\/\/fusiongrill.hu\/en\/wp-json\/wp\/v2\/media\/6139"}],"wp:attachment":[{"href":"https:\/\/fusiongrill.hu\/en\/wp-json\/wp\/v2\/media?parent=4438"}],"wp:term":[{"taxonomy":"product_cat","embeddable":true,"href":"https:\/\/fusiongrill.hu\/en\/wp-json\/wp\/v2\/product_cat?post=4438"},{"taxonomy":"product_tag","embeddable":true,"href":"https:\/\/fusiongrill.hu\/en\/wp-json\/wp\/v2\/product_tag?post=4438"}],"curies":[{"name":"wp","href":"https:\/\/api.w.org\/{rel}","templated":true}]}}