{"id":4433,"date":"2024-05-04T08:53:12","date_gmt":"2024-05-04T06:53:12","guid":{"rendered":"https:\/\/stg.fusiongrill.hu\/?post_type=product&#038;p=4433"},"modified":"2026-03-12T10:51:38","modified_gmt":"2026-03-12T09:51:38","slug":"voroslencses-dhal","status":"publish","type":"product","link":"https:\/\/fusiongrill.hu\/en\/termekek\/voroslencses-dhal\/","title":{"rendered":"Red Lentil Dhal"},"content":{"rendered":"","protected":false},"excerpt":{"rendered":"<p><span data-sheets-value=\"{&quot;1&quot;:2,&quot;2&quot;:&quot;K\u00fcl\u00f6nleges m\u00f3don k\u00e9sz\u00fcl\u0151 f\u0171szeres, kurkum\u00e1s \u00e9s sz\u00e1r\u00edtott chilis olajjal meglocsolt v\u00f6r\u00f6slencs\u00e9s egyt\u00e1l\u00e9tel. &quot;}\" data-sheets-userformat=\"{&quot;2&quot;:957,&quot;3&quot;:{&quot;1&quot;:0},&quot;5&quot;:{&quot;1&quot;:[{&quot;1&quot;:2,&quot;2&quot;:0,&quot;5&quot;:{&quot;1&quot;:2,&quot;2&quot;:0}},{&quot;1&quot;:0,&quot;2&quot;:0,&quot;3&quot;:3},{&quot;1&quot;:1,&quot;2&quot;:0,&quot;4&quot;:1}]},&quot;6&quot;:{&quot;1&quot;:[{&quot;1&quot;:2,&quot;2&quot;:0,&quot;5&quot;:{&quot;1&quot;:2,&quot;2&quot;:0}},{&quot;1&quot;:0,&quot;2&quot;:0,&quot;3&quot;:3},{&quot;1&quot;:1,&quot;2&quot;:0,&quot;4&quot;:1}]},&quot;7&quot;:{&quot;1&quot;:[{&quot;1&quot;:2,&quot;2&quot;:0,&quot;5&quot;:{&quot;1&quot;:2,&quot;2&quot;:0}},{&quot;1&quot;:0,&quot;2&quot;:0,&quot;3&quot;:3},{&quot;1&quot;:1,&quot;2&quot;:0,&quot;4&quot;:1}]},&quot;8&quot;:{&quot;1&quot;:[{&quot;1&quot;:2,&quot;2&quot;:0,&quot;5&quot;:{&quot;1&quot;:2,&quot;2&quot;:0}},{&quot;1&quot;:0,&quot;2&quot;:0,&quot;3&quot;:3},{&quot;1&quot;:1,&quot;2&quot;:0,&quot;4&quot;:1}]},&quot;10&quot;:0,&quot;11&quot;:4,&quot;12&quot;:0}\">K\u00fcl\u00f6nleges m\u00f3don k\u00e9sz\u00fcl\u0151 f\u0171szeres, kurkum\u00e1s \u00e9s sz\u00e1r\u00edtott chilis olajjal meglocsolt v\u00f6r\u00f6slencs\u00e9s egyt\u00e1l\u00e9tel. <\/span><\/p>\n","protected":false},"featured_media":6135,"template":"","meta":[],"product_cat":[126,50,89],"product_tag":[],"class_list":{"0":"post-4433","1":"product","2":"type-product","3":"status-publish","4":"has-post-thumbnail","6":"product_cat-vegetarianus-es-vegan-fogasok","7":"product_cat-indiai","8":"product_cat-vegetarianus","10":"first","11":"instock","12":"shipping-taxable","13":"purchasable","14":"product-type-simple"},"_links":{"self":[{"href":"https:\/\/fusiongrill.hu\/en\/wp-json\/wp\/v2\/product\/4433","targetHints":{"allow":["GET"]}}],"collection":[{"href":"https:\/\/fusiongrill.hu\/en\/wp-json\/wp\/v2\/product"}],"about":[{"href":"https:\/\/fusiongrill.hu\/en\/wp-json\/wp\/v2\/types\/product"}],"wp:featuredmedia":[{"embeddable":true,"href":"https:\/\/fusiongrill.hu\/en\/wp-json\/wp\/v2\/media\/6135"}],"wp:attachment":[{"href":"https:\/\/fusiongrill.hu\/en\/wp-json\/wp\/v2\/media?parent=4433"}],"wp:term":[{"taxonomy":"product_cat","embeddable":true,"href":"https:\/\/fusiongrill.hu\/en\/wp-json\/wp\/v2\/product_cat?post=4433"},{"taxonomy":"product_tag","embeddable":true,"href":"https:\/\/fusiongrill.hu\/en\/wp-json\/wp\/v2\/product_tag?post=4433"}],"curies":[{"name":"wp","href":"https:\/\/api.w.org\/{rel}","templated":true}]}}