{"id":4410,"date":"2026-02-13T07:06:35","date_gmt":"2026-02-13T06:06:35","guid":{"rendered":"https:\/\/stg.fusiongrill.hu\/?post_type=product&#038;p=4410"},"modified":"2026-03-03T19:20:10","modified_gmt":"2026-03-03T18:20:10","slug":"grillezett-quesedilla","status":"publish","type":"product","link":"https:\/\/fusiongrill.hu\/en\/termekek\/grillezett-quesedilla\/","title":{"rendered":"Grilled Quesedilla"},"content":{"rendered":"","protected":false},"excerpt":{"rendered":"<p><span data-sheets-value=\"{&quot;1&quot;:2,&quot;2&quot;:&quot;Egy h\u00e1zi tortill\u00e1ba csomagolt csirke, sajt \u00e9s hagyma grillen megs\u00fctve egy kis extra sals\u00e1s \u00e9s tejf\u00f6l\u00f6s m\u00e1rtogat\u00f3ssal&quot;}\" data-sheets-userformat=\"{&quot;2&quot;:7167,&quot;3&quot;:{&quot;1&quot;:0},&quot;4&quot;:{&quot;1&quot;:2,&quot;2&quot;:16777215},&quot;5&quot;:{&quot;1&quot;:[{&quot;1&quot;:2,&quot;2&quot;:0,&quot;5&quot;:{&quot;1&quot;:2,&quot;2&quot;:0}},{&quot;1&quot;:0,&quot;2&quot;:0,&quot;3&quot;:3},{&quot;1&quot;:1,&quot;2&quot;:0,&quot;4&quot;:1}]},&quot;6&quot;:{&quot;1&quot;:[{&quot;1&quot;:2,&quot;2&quot;:0,&quot;5&quot;:{&quot;1&quot;:2,&quot;2&quot;:0}},{&quot;1&quot;:0,&quot;2&quot;:0,&quot;3&quot;:3},{&quot;1&quot;:1,&quot;2&quot;:0,&quot;4&quot;:1}]},&quot;7&quot;:{&quot;1&quot;:[{&quot;1&quot;:2,&quot;2&quot;:0,&quot;5&quot;:{&quot;1&quot;:2,&quot;2&quot;:0}},{&quot;1&quot;:0,&quot;2&quot;:0,&quot;3&quot;:3},{&quot;1&quot;:1,&quot;2&quot;:0,&quot;4&quot;:1}]},&quot;8&quot;:{&quot;1&quot;:[{&quot;1&quot;:2,&quot;2&quot;:0,&quot;5&quot;:{&quot;1&quot;:2,&quot;2&quot;:0}},{&quot;1&quot;:0,&quot;2&quot;:0,&quot;3&quot;:3},{&quot;1&quot;:1,&quot;2&quot;:0,&quot;4&quot;:1}]},&quot;9&quot;:0,&quot;10&quot;:0,&quot;11&quot;:4,&quot;12&quot;:0,&quot;14&quot;:{&quot;1&quot;:2,&quot;2&quot;:0},&quot;15&quot;:&quot;Arial&quot;}\">Tortill\u00e1ba csomagolt csirke, sajt \u00e9s hagmya grillen megs\u00fctve egy kis extra sals\u00e1s \u00e9s tejf\u00f6l\u00f6s m\u00e1rtogat\u00f3ssal<\/span><\/p>\n","protected":false},"featured_media":6118,"template":"","meta":[],"product_cat":[49],"product_tag":[],"class_list":{"0":"post-4410","1":"product","2":"type-product","3":"status-publish","4":"has-post-thumbnail","6":"product_cat-mexikoi","8":"first","9":"instock","10":"shipping-taxable","11":"purchasable","12":"product-type-simple"},"_links":{"self":[{"href":"https:\/\/fusiongrill.hu\/en\/wp-json\/wp\/v2\/product\/4410","targetHints":{"allow":["GET"]}}],"collection":[{"href":"https:\/\/fusiongrill.hu\/en\/wp-json\/wp\/v2\/product"}],"about":[{"href":"https:\/\/fusiongrill.hu\/en\/wp-json\/wp\/v2\/types\/product"}],"wp:featuredmedia":[{"embeddable":true,"href":"https:\/\/fusiongrill.hu\/en\/wp-json\/wp\/v2\/media\/6118"}],"wp:attachment":[{"href":"https:\/\/fusiongrill.hu\/en\/wp-json\/wp\/v2\/media?parent=4410"}],"wp:term":[{"taxonomy":"product_cat","embeddable":true,"href":"https:\/\/fusiongrill.hu\/en\/wp-json\/wp\/v2\/product_cat?post=4410"},{"taxonomy":"product_tag","embeddable":true,"href":"https:\/\/fusiongrill.hu\/en\/wp-json\/wp\/v2\/product_tag?post=4410"}],"curies":[{"name":"wp","href":"https:\/\/api.w.org\/{rel}","templated":true}]}}