{"id":4409,"date":"2026-02-13T07:07:52","date_gmt":"2026-02-13T06:07:52","guid":{"rendered":"https:\/\/stg.fusiongrill.hu\/?post_type=product&#038;p=4409"},"modified":"2026-03-03T19:09:58","modified_gmt":"2026-03-03T18:09:58","slug":"enchilada","status":"publish","type":"product","link":"https:\/\/fusiongrill.hu\/en\/termekek\/enchilada\/","title":{"rendered":"Enchilada"},"content":{"rendered":"","protected":false},"excerpt":{"rendered":"<p><span data-sheets-value=\"{&quot;1&quot;:2,&quot;2&quot;:&quot;F\u0171szeres, babos \u00e9s grillezett hagym\u00e1s csirkeraguval t\u00f6lt\u00f6tt, h\u00e1zi kukorica-tortilla tekercs zamatos paradicsom \u00e9s chilim\u00e1rt\u00e1sban, reszelt sajttal megsz\u00f3rva.&quot;}\" data-sheets-userformat=\"{&quot;2&quot;:31677,&quot;3&quot;:{&quot;1&quot;:0},&quot;5&quot;:{&quot;1&quot;:[{&quot;1&quot;:2,&quot;2&quot;:0,&quot;5&quot;:{&quot;1&quot;:2,&quot;2&quot;:0}},{&quot;1&quot;:0,&quot;2&quot;:0,&quot;3&quot;:3},{&quot;1&quot;:1,&quot;2&quot;:0,&quot;4&quot;:1}]},&quot;6&quot;:{&quot;1&quot;:[{&quot;1&quot;:2,&quot;2&quot;:0,&quot;5&quot;:{&quot;1&quot;:2,&quot;2&quot;:0}},{&quot;1&quot;:0,&quot;2&quot;:0,&quot;3&quot;:3},{&quot;1&quot;:1,&quot;2&quot;:0,&quot;4&quot;:1}]},&quot;7&quot;:{&quot;1&quot;:[{&quot;1&quot;:2,&quot;2&quot;:0,&quot;5&quot;:{&quot;1&quot;:2,&quot;2&quot;:0}},{&quot;1&quot;:0,&quot;2&quot;:0,&quot;3&quot;:3},{&quot;1&quot;:1,&quot;2&quot;:0,&quot;4&quot;:1}]},&quot;8&quot;:{&quot;1&quot;:[{&quot;1&quot;:2,&quot;2&quot;:0,&quot;5&quot;:{&quot;1&quot;:2,&quot;2&quot;:0}},{&quot;1&quot;:0,&quot;2&quot;:0,&quot;3&quot;:3},{&quot;1&quot;:1,&quot;2&quot;:0,&quot;4&quot;:1}]},&quot;10&quot;:0,&quot;11&quot;:4,&quot;12&quot;:0,&quot;14&quot;:{&quot;1&quot;:2,&quot;2&quot;:16711680},&quot;15&quot;:&quot;Calibri&quot;,&quot;16&quot;:11,&quot;17&quot;:1}\" data-sheets-textstyleruns=\"{&quot;1&quot;:0,&quot;2&quot;:{&quot;2&quot;:{&quot;1&quot;:2,&quot;2&quot;:0},&quot;3&quot;:&quot;Arial&quot;,&quot;4&quot;:10,&quot;5&quot;:0}}\uee10{&quot;1&quot;:155,&quot;2&quot;:{&quot;3&quot;:&quot;Arial&quot;,&quot;4&quot;:10,&quot;5&quot;:0}}\">F\u0171szeres, babos \u00e9s grillezett hagym\u00e1s csirkeraguval t\u00f6lt\u00f6tt, h\u00e1zi kukorica-tortilla tekercs zamatos paradicsom \u00e9s chilim\u00e1rt\u00e1sban, reszelt sajttal megsz\u00f3rva.<\/span><\/p>\n","protected":false},"featured_media":6117,"template":"","meta":[],"product_cat":[49],"product_tag":[],"class_list":{"0":"post-4409","1":"product","2":"type-product","3":"status-publish","4":"has-post-thumbnail","6":"product_cat-mexikoi","8":"first","9":"instock","10":"shipping-taxable","11":"purchasable","12":"product-type-simple"},"_links":{"self":[{"href":"https:\/\/fusiongrill.hu\/en\/wp-json\/wp\/v2\/product\/4409","targetHints":{"allow":["GET"]}}],"collection":[{"href":"https:\/\/fusiongrill.hu\/en\/wp-json\/wp\/v2\/product"}],"about":[{"href":"https:\/\/fusiongrill.hu\/en\/wp-json\/wp\/v2\/types\/product"}],"wp:featuredmedia":[{"embeddable":true,"href":"https:\/\/fusiongrill.hu\/en\/wp-json\/wp\/v2\/media\/6117"}],"wp:attachment":[{"href":"https:\/\/fusiongrill.hu\/en\/wp-json\/wp\/v2\/media?parent=4409"}],"wp:term":[{"taxonomy":"product_cat","embeddable":true,"href":"https:\/\/fusiongrill.hu\/en\/wp-json\/wp\/v2\/product_cat?post=4409"},{"taxonomy":"product_tag","embeddable":true,"href":"https:\/\/fusiongrill.hu\/en\/wp-json\/wp\/v2\/product_tag?post=4409"}],"curies":[{"name":"wp","href":"https:\/\/api.w.org\/{rel}","templated":true}]}}