{"id":6018,"date":"2026-01-23T09:39:17","date_gmt":"2026-01-23T08:39:17","guid":{"rendered":"https:\/\/fusiongrill.hu\/?page_id=6018"},"modified":"2026-01-23T09:40:00","modified_gmt":"2026-01-23T08:40:00","slug":"gyik-indiai-etterem-pecs","status":"publish","type":"page","link":"https:\/\/fusiongrill.hu\/en\/gyik-indiai-etterem-pecs\/","title":{"rendered":"Gyakran Ism\u00e9telt K\u00e9rd\u00e9sek \u2013 Fusion Grill P\u00e9cs"},"content":{"rendered":"<div class=\"wpb-content-wrapper\"><div data-vc-full-width=\"true\" data-vc-full-width-init=\"false\" class=\"vc_row wpb_row vc_row-fluid vc_custom_1671620017152 vc_row-has-fill vc_row-o-content-middle vc_row-flex lafka-align-center\">\r\n    <div class=\"wpb_column vc_column_container vc_col-sm-12\"><div class=\"vc_column-inner\"><div class=\"wpb_wrapper\">\n\t<div class=\"wpb_text_column wpb_content_element\" >\n\t\t<div class=\"wpb_wrapper\">\n\t\t\t<p style=\"text-align: left;\"><strong>1. How spicy are the dishes?<\/strong><\/p>\n<p style=\"text-align: left;\"><strong>Answer:<\/strong> Az indiai konyha h\u00edres a f\u0171szereir\u0151l, de n\u00e1lunk \u00d6n d\u00f6nt! \u00c9teleink t\u00f6bbs\u00e9ge k\u00e9rhet\u0151 enyhe (mild), k\u00f6zepes (medium) vagy autentikus indiai cs\u00edp\u0151s (hot) fokozatban. Ha bizonytalan, koll\u00e9g\u00e1ink sz\u00edvesen seg\u00edtenek a v\u00e1laszt\u00e1sban, hogy az \u00edz\u00e9lm\u00e9ny t\u00f6k\u00e9letes legyen.<\/p>\n<p style=\"text-align: left;\"><strong>2. Vannak veget\u00e1ri\u00e1nus vagy veg\u00e1n opci\u00f3k?<\/strong><\/p>\n<p style=\"text-align: left;\"><strong>Answer:<\/strong> Term\u00e9szetesen! Az indiai gasztron\u00f3mia rengeteg h\u00fasmentes fog\u00e1st k\u00edn\u00e1l. \u00c9tlapunkon k\u00fcl\u00f6n szekci\u00f3t szentelt\u00fcnk a veget\u00e1ri\u00e1nus \u00e9teleknek, mint p\u00e9ld\u00e1ul a Tofu Tikka k\u00fcl\u00f6nlegess\u00e9gek vagy a lencs\u00e9b\u0151l k\u00e9sz\u00fclt Dal \u00e9telek. Sz\u00e1mos fog\u00e1sunk k\u00e9r\u00e9sre veg\u00e1n m\u00f3don is elk\u00e9sz\u00edthet\u0151.<\/p>\n<p style=\"text-align: left;\"><strong>3. Mi\u00e9rt &#8222;Fusion&#8221; a grill? Csak indiai \u00e9telek vannak?<\/strong><\/p>\n<p style=\"text-align: left;\">V\u00e1lasz: Nev\u00fcnkh\u00f6z h\u0171en n\u00e1lunk tal\u00e1lkoznak az \u00edzek. B\u00e1r f\u0151 profilunk az autentikus indiai konyha, k\u00edn\u00e1latunkban n\u00e9pszer\u0171 mexik\u00f3i fog\u00e1sok (burrit\u00f3k, quesadill\u00e1k) is szerepelnek. Ez teszi hely\u00fcnket t\u00f6k\u00e9letess\u00e9 olyan t\u00e1rsas\u00e1goknak, ahol mindenki m\u00e1st k\u00edv\u00e1n!<\/p>\n<p style=\"text-align: left;\"><strong>4. Hogyan k\u00e9sz\u00fcl a Naan keny\u00e9r?<\/strong><\/p>\n<p style=\"text-align: left;\"><strong>Answer:<\/strong> A Naan kenyeret \u00e9s a tandoori h\u00fasokat hagyom\u00e1nyos, magas h\u0151fok\u00fa Tandoor agyags\u00fct\u0151ben k\u00e9sz\u00edtj\u00fck. Ez adja meg nekik azt a jellegzetes, f\u00fcst\u00f6s arom\u00e1t \u00e9s puha text\u00far\u00e1t, amit egy sima s\u00fct\u0151ben lehetetlen lenne el\u00e9rni.<\/p>\n<p style=\"text-align: left;\"><strong>5. Kutyabar\u00e1t az \u00e9tterem?<\/strong><\/p>\n<p style=\"text-align: left;\"><strong>Answer:<\/strong> Igen! Kutyabar\u00e1t hely vagyunk, \u00edgy kedvenc\u00e9t sem kell otthon hagynia. Sz\u00edvesen l\u00e1tjuk a j\u00f3l nevelt n\u00e9gyl\u00e1b\u00faakat \u00e9tterm\u00fcnkben, \u00e9s term\u00e9szetesen friss v\u00edzzel is kedvesked\u00fcnk nekik.<\/p>\n<p style=\"text-align: left;\"><strong>6. Van lehet\u0151s\u00e9g h\u00e1zhozsz\u00e1ll\u00edt\u00e1sra?<\/strong><\/p>\n<p style=\"text-align: left;\"><strong>Answer:<\/strong> Igen, P\u00e9cs ter\u00fclet\u00e9n bel\u00fcl kedvenc \u00e9teleit megrendelheti a a Foodora fel\u00fcletein kereszt\u00fcl, \u00edgy otthona k\u00e9nyelm\u00e9ben is \u00e9lvezheti a Fusion Grill \u00edzeit.<\/p>\n<p style=\"text-align: left;\"><strong>7. Kell asztalt foglalni?<\/strong><\/p>\n<p style=\"text-align: left;\"><strong>Answer:<\/strong> H\u00e9tk\u00f6znap \u00e1ltal\u00e1ban akad szabad asztalunk, de az esti \u00f3r\u00e1kban \u00e9s h\u00e9tv\u00e9g\u00e9n javasoljuk az el\u0151zetes asztalfoglal\u00e1st, hogy biztosan legyen hely\u00fck. Foglalni telefonon vagy k\u00f6z\u00f6ss\u00e9gi m\u00e9dia oldalainkon kereszt\u00fcl tudnak.<\/p>\n<p style=\"text-align: left;\"><strong>8. Mi az a &#8222;Mango Lassi&#8221;, \u00e9s mi\u00e9rt \u00e9rdemes megk\u00f3stolni?<\/strong><\/p>\n<p style=\"text-align: left;\"><strong>Answer:<\/strong> A Mango Lassi egy tradicion\u00e1lis, joghurt alap\u00fa indiai h\u0171s\u00edt\u0151 ital, amelyet \u00e9rett mang\u00f3val \u00edzes\u00edt\u00fcnk. Nemcsak finom desszertital, hanem kiv\u00e1l\u00f3an ellens\u00falyozza a cs\u00edp\u0151sebb \u00e9telek erej\u00e9t, \u00edgy t\u00f6k\u00e9letes k\u00eds\u00e9r\u0151je egy f\u0171szeres currynek.<\/p>\n<p style=\"text-align: left;\"><strong>9. Glut\u00e9nmentes \u00e9trendet k\u00f6vetek. Mit ehetek \u00d6n\u00f6kn\u00e9l?<\/strong><\/p>\n<p style=\"text-align: left;\"><strong>Answer:<\/strong> Az indiai konyha alapvet\u0151en sok glut\u00e9nmentes alapanyagot haszn\u00e1l (pl. csicseribors\u00f3liszt, lencse, rizs). Curryjeink nagy r\u00e9sze lisztmentes, s\u0171r\u00edt\u00e9sre z\u00f6lds\u00e9geket \u00e9s magvakat haszn\u00e1lunk. K\u00e9rj\u00fck, \u00e9rkez\u00e9skor jelezze az \u00e9tel\u00e9rz\u00e9kenys\u00e9g\u00e9t a felszolg\u00e1l\u00f3nak, hogy biztons\u00e1ggal aj\u00e1nlhassunk fog\u00e1sokat!<\/p>\n<p style=\"text-align: left;\"><strong>10. Van gyerekmen\u00fc vagy nem cs\u00edp\u0151s \u00e9tel gyerekeknek?<\/strong><\/p>\n<p style=\"text-align: left;\"><strong>Answer:<\/strong> Term\u00e9szetesen! van sok minden ami a gyerekek kedvence.<\/p>\n<p style=\"text-align: left;\"><strong>11. Lehet-e rendezv\u00e9nyeket, sz\u00fclet\u00e9snapokat tartani az \u00e9tteremben?<\/strong><\/p>\n<p style=\"text-align: left;\"><strong>Answer:<\/strong> Igen, \u00e9tterm\u00fcnk alkalmas kisebb bar\u00e1ti t\u00e1rsas\u00e1gok, csal\u00e1di esem\u00e9nyek vagy c\u00e9ges vacsor\u00e1k lebonyol\u00edt\u00e1s\u00e1ra. K\u00fcl\u00f6nleges ig\u00e9nyek vagy fix men\u00fcsor eset\u00e9n k\u00e9rj\u00fck, vegye fel vel\u00fcnk a kapcsolatot e-mailben vagy telefonon!<\/p>\n<p style=\"text-align: left;\"><strong>12. Hol tudok parkolni, ha aut\u00f3val \u00e9rkezem?<\/strong><\/p>\n<p style=\"text-align: left;\"><strong>Answer:<\/strong> \u00c9tterm\u00fcnk P\u00e9cs sz\u00edv\u00e9ben tal\u00e1lhat\u00f3, \u00edgy a k\u00f6rnyez\u0151 utc\u00e1kban a v\u00e1rosi d\u00edjszab\u00e1snak megfelel\u0151en lehets\u00e9ges a parkol\u00e1s. H\u00e9tv\u00e9g\u00e9n \u00e9s este 18:00 ut\u00e1n a parkol\u00e1s a legt\u00f6bb k\u00f6zeli z\u00f3n\u00e1ban ingyenes.<\/p>\n\n\t\t<\/div>\n\t<\/div>\n<\/div><\/div><\/div><\/div>\r\n\r\n<div class=\"vc_row-full-width vc_clearfix\"><\/div>\r\n\r\n<div data-vc-full-width=\"true\" data-vc-full-width-init=\"false\" class=\"vc_row wpb_row vc_row-fluid vc_custom_1769084898144 vc_row-has-fill lafka-visible-overlay\">\r\n    <div class=\"wpb_column vc_column_container vc_col-sm-6\"><div class=\"vc_column-inner\"><div class=\"wpb_wrapper\">\n\t<div  class=\"wpb_single_image wpb_content_element vc_align_left wpb_content_element vc_custom_1769084607207\">\n\t\t\n\t\t<figure class=\"wpb_wrapper vc_figure\">\n\t\t\t<div class=\"vc_single_image-wrapper   vc_box_border_grey\"><img loading=\"lazy\" decoding=\"async\" width=\"2560\" height=\"1707\" src=\"https:\/\/fusiongrill.hu\/wp-content\/uploads\/2026\/01\/DSC01604-scaled.jpg\" class=\"vc_single_image-img attachment-full\" alt=\"Fusion Grill P\u00e9cs Tandoori Chicken\" title=\"Tandoor csirke\" srcset=\"https:\/\/fusiongrill.hu\/wp-content\/uploads\/2026\/01\/DSC01604-scaled.jpg 2560w, https:\/\/fusiongrill.hu\/wp-content\/uploads\/2026\/01\/DSC01604-300x200.jpg 300w, https:\/\/fusiongrill.hu\/wp-content\/uploads\/2026\/01\/DSC01604-1024x683.jpg 1024w, https:\/\/fusiongrill.hu\/wp-content\/uploads\/2026\/01\/DSC01604-768x512.jpg 768w, https:\/\/fusiongrill.hu\/wp-content\/uploads\/2026\/01\/DSC01604-1536x1024.jpg 1536w, https:\/\/fusiongrill.hu\/wp-content\/uploads\/2026\/01\/DSC01604-2048x1365.jpg 2048w, https:\/\/fusiongrill.hu\/wp-content\/uploads\/2026\/01\/DSC01604-18x12.jpg 18w, https:\/\/fusiongrill.hu\/wp-content\/uploads\/2026\/01\/DSC01604-1440x960.jpg 1440w, https:\/\/fusiongrill.hu\/wp-content\/uploads\/2026\/01\/DSC01604-100x67.jpg 100w, https:\/\/fusiongrill.hu\/wp-content\/uploads\/2026\/01\/DSC01604-600x400.jpg 600w\" sizes=\"auto, (max-width: 2560px) 100vw, 2560px\" \/><\/div>\n\t\t<\/figure>\n\t<\/div>\n<\/div><\/div><\/div><div class=\"wpb_column vc_column_container vc_col-sm-6\"><div class=\"vc_column-inner\"><div class=\"wpb_wrapper\">\n\t<div  class=\"wpb_single_image wpb_content_element vc_align_left wpb_content_element vc_custom_1769084752875\">\n\t\t\n\t\t<figure class=\"wpb_wrapper vc_figure\">\n\t\t\t<div class=\"vc_single_image-wrapper   vc_box_border_grey\"><img loading=\"lazy\" decoding=\"async\" width=\"2560\" height=\"1707\" src=\"https:\/\/fusiongrill.hu\/wp-content\/uploads\/2026\/01\/Pecs-legjobb-indiai-kajai-scaled.jpg\" class=\"vc_single_image-img attachment-full\" alt=\"Fusion Grill p\u00e9cs Curry\" title=\"P\u00e9cs legjobb indiai kaj\u00e1i\" srcset=\"https:\/\/fusiongrill.hu\/wp-content\/uploads\/2026\/01\/Pecs-legjobb-indiai-kajai-scaled.jpg 2560w, https:\/\/fusiongrill.hu\/wp-content\/uploads\/2026\/01\/Pecs-legjobb-indiai-kajai-300x200.jpg 300w, https:\/\/fusiongrill.hu\/wp-content\/uploads\/2026\/01\/Pecs-legjobb-indiai-kajai-1024x683.jpg 1024w, https:\/\/fusiongrill.hu\/wp-content\/uploads\/2026\/01\/Pecs-legjobb-indiai-kajai-768x512.jpg 768w, https:\/\/fusiongrill.hu\/wp-content\/uploads\/2026\/01\/Pecs-legjobb-indiai-kajai-1536x1024.jpg 1536w, https:\/\/fusiongrill.hu\/wp-content\/uploads\/2026\/01\/Pecs-legjobb-indiai-kajai-2048x1365.jpg 2048w, https:\/\/fusiongrill.hu\/wp-content\/uploads\/2026\/01\/Pecs-legjobb-indiai-kajai-18x12.jpg 18w, https:\/\/fusiongrill.hu\/wp-content\/uploads\/2026\/01\/Pecs-legjobb-indiai-kajai-1440x960.jpg 1440w, https:\/\/fusiongrill.hu\/wp-content\/uploads\/2026\/01\/Pecs-legjobb-indiai-kajai-100x67.jpg 100w, https:\/\/fusiongrill.hu\/wp-content\/uploads\/2026\/01\/Pecs-legjobb-indiai-kajai-600x400.jpg 600w\" sizes=\"auto, (max-width: 2560px) 100vw, 2560px\" \/><\/div>\n\t\t<\/figure>\n\t<\/div>\n<\/div><\/div><\/div><\/div>\r\n\r\n<div class=\"vc_row-full-width vc_clearfix\"><\/div>\n<\/div>","protected":false},"excerpt":{"rendered":"1. Mennyire cs\u00edp\u0151sek az \u00e9telek? V\u00e1lasz: Az indiai konyha h\u00edres a f\u0171szereir\u0151l, de n\u00e1lunk \u00d6n d\u00f6nt! \u00c9teleink t\u00f6bbs\u00e9ge k\u00e9rhet\u0151 enyhe (mild), k\u00f6zepes (medium) vagy autentikus indiai cs\u00edp\u0151s (hot) fokozatban. Ha bizonytalan, koll\u00e9g\u00e1ink sz\u00edvesen seg\u00edtenek a v\u00e1laszt\u00e1sban, hogy az \u00edz\u00e9lm\u00e9ny t\u00f6k\u00e9letes legyen. 2. Vannak veget\u00e1ri\u00e1nus vagy veg\u00e1n opci\u00f3k? V\u00e1lasz: Term\u00e9szetesen! Az indiai gasztron\u00f3mia rengeteg h\u00fasmentes fog\u00e1st...<a class=\"r_more_blog\" href=\"https:\/\/fusiongrill.hu\/en\/gyik-indiai-etterem-pecs\/#more-6018\"> continue reading<\/a>","protected":false},"author":1,"featured_media":0,"parent":0,"menu_order":0,"comment_status":"closed","ping_status":"closed","template":"","meta":{"footnotes":""},"class_list":["post-6018","page","type-page","status-publish","hentry"],"_links":{"self":[{"href":"https:\/\/fusiongrill.hu\/en\/wp-json\/wp\/v2\/pages\/6018","targetHints":{"allow":["GET"]}}],"collection":[{"href":"https:\/\/fusiongrill.hu\/en\/wp-json\/wp\/v2\/pages"}],"about":[{"href":"https:\/\/fusiongrill.hu\/en\/wp-json\/wp\/v2\/types\/page"}],"author":[{"embeddable":true,"href":"https:\/\/fusiongrill.hu\/en\/wp-json\/wp\/v2\/users\/1"}],"replies":[{"embeddable":true,"href":"https:\/\/fusiongrill.hu\/en\/wp-json\/wp\/v2\/comments?post=6018"}],"version-history":[{"count":8,"href":"https:\/\/fusiongrill.hu\/en\/wp-json\/wp\/v2\/pages\/6018\/revisions"}],"predecessor-version":[{"id":6034,"href":"https:\/\/fusiongrill.hu\/en\/wp-json\/wp\/v2\/pages\/6018\/revisions\/6034"}],"wp:attachment":[{"href":"https:\/\/fusiongrill.hu\/en\/wp-json\/wp\/v2\/media?parent=6018"}],"curies":[{"name":"wp","href":"https:\/\/api.w.org\/{rel}","templated":true}]}}