{"id":4842,"date":"2022-06-07T08:02:58","date_gmt":"2022-06-07T08:02:58","guid":{"rendered":"https:\/\/stg.fusiongrill.hu\/?page_id=4842"},"modified":"2025-11-05T19:53:00","modified_gmt":"2025-11-05T18:53:00","slug":"rendelj","status":"publish","type":"page","link":"https:\/\/fusiongrill.hu\/en\/rendelj\/","title":{"rendered":"Order something!"},"content":{"rendered":"<div class=\"wpb-content-wrapper\"><div class=\"vc_row wpb_row vc_row-fluid vc_custom_1654592064805\">\r\n    <div class=\"wpb_column vc_column_container vc_col-sm-12\"><div class=\"vc_column-inner\"><div class=\"wpb_wrapper\">\n\t<div class=\"wpb_text_column wpb_content_element\" >\n\t\t<div class=\"wpb_wrapper\">\n\t\t\t<h1>Order something tasty!<\/h1>\n<p>Indiai, Mexik\u00f3i? Melyiket k\u00edv\u00e1nod?<\/p>\n\n\t\t<\/div>\n\t<\/div>\n<\/div><\/div><\/div><\/div>\r\n\r\n\r\n\r\n<div data-vc-full-width=\"true\" data-vc-full-width-init=\"false\" class=\"vc_row wpb_row vc_row-fluid vc_custom_1654592082853 vc_row-has-fill vc_row-o-full-height vc_row-o-columns-middle vc_row-o-content-middle vc_row-flex lafka-align-center\">\r\n    <div class=\"wpb_column vc_column_container vc_col-sm-12\"><div class=\"vc_column-inner vc_custom_1553869337189\"><div class=\"wpb_wrapper\"><div class=\"vc_row wpb_row vc_inner vc_row-fluid vc_row-o-content-middle vc_row-flex\" >\r\n\t<div class=\"wpb_column vc_column_container vc_col-sm-4\"><div class=\"vc_column-inner vc_custom_1651742831140\"><div class=\"wpb_wrapper\">\n\t<div  class=\"wpb_single_image wpb_content_element vc_align_center wpb_content_element\">\n\t\t<h2 class=\"wpb_heading wpb_singleimage_heading\">Indian<\/h2>\n\t\t<figure class=\"wpb_wrapper vc_figure\">\n\t\t\t<a href=\"https:\/\/fusiongrill.hu\/en\/indiai\/\" target=\"_self\" class=\"vc_single_image-wrapper   vc_box_border_grey\"><img decoding=\"async\" class=\"vc_single_image-img\" src=\"https:\/\/fusiongrill.hu\/wp-content\/uploads\/2022\/05\/IndianChickenCurryR.png\" width=\"680\" height=\"484\" alt=\"Egy j\u00f3 paradicsomos, csirk\u00e9s Curry f\u00e9m t\u00e1lban.\" title=\"Indiai Kateg\u00f3ria\" loading=\"lazy\" \/><\/a>\n\t\t<\/figure>\n\t<\/div>\n<\/div><\/div><\/div><div class=\"wpb_column vc_column_container vc_col-sm-4\"><div class=\"vc_column-inner vc_custom_1556097348581\"><div class=\"wpb_wrapper\">\n\t<div  class=\"wpb_single_image wpb_content_element vc_align_center wpb_content_element\">\n\t\t<h2 class=\"wpb_heading wpb_singleimage_heading\">Mexican<\/h2>\n\t\t<figure class=\"wpb_wrapper vc_figure\">\n\t\t\t<a href=\"https:\/\/fusiongrill.hu\/en\/mexikoi\/\" target=\"_self\" class=\"vc_single_image-wrapper   vc_box_border_grey\"><img decoding=\"async\" class=\"vc_single_image-img\" src=\"https:\/\/fusiongrill.hu\/wp-content\/uploads\/2022\/06\/Mexican-Category.png\" width=\"618\" height=\"422\" alt=\"\u00cdzletes Tacok sorakoznak egy fa v\u00e1g\u00f3deszk\u00e1n.\" title=\"Mexik\u00f3i Kateg\u00f3ria\" loading=\"lazy\" \/><\/a>\n\t\t<\/figure>\n\t<\/div>\n<\/div><\/div><\/div><div class=\"wpb_column vc_column_container vc_col-sm-4\"><div class=\"vc_column-inner vc_custom_1651742846327\"><div class=\"wpb_wrapper\">\n\t<div  class=\"wpb_single_image wpb_content_element vc_align_center wpb_content_element\">\n\t\t<h2 class=\"wpb_heading wpb_singleimage_heading\">Desserts<\/h2>\n\t\t<figure class=\"wpb_wrapper vc_figure\">\n\t\t\t<a href=\"https:\/\/fusiongrill.hu\/en\/desszertek\/\" target=\"_self\" class=\"vc_single_image-wrapper   vc_box_border_grey\"><img decoding=\"async\" class=\"vc_single_image-img\" src=\"https:\/\/fusiongrill.hu\/wp-content\/uploads\/2025\/04\/turogomboc-680x484.png\" width=\"680\" height=\"484\" alt=\"T\u00far\u00f3gomb\u00f3c eper\u00f6ntettel\" title=\"T\u00far\u00f3gomb\u00f3c eper\u00f6ntettel\" loading=\"lazy\" \/><\/a>\n\t\t<\/figure>\n\t<\/div>\n<\/div><\/div><\/div><\/div>\r\n\r\n\r\n\r\n<\/div><\/div><\/div><\/div>\r\n\r\n<div class=\"vc_row-full-width vc_clearfix\"><\/div>\r\n\r\n<div class=\"vc_row wpb_row vc_row-fluid\">\r\n    <div class=\"wpb_column vc_column_container vc_col-sm-12\"><div class=\"vc_column-inner\"><div class=\"wpb_wrapper\"><\/div><\/div><\/div><\/div>\n<\/div>","protected":false},"excerpt":{"rendered":"Rendelj valami finomat! Indiai, Mexik\u00f3i? Melyiket k\u00edv\u00e1nod? Indiai Mexik\u00f3i Desszertek","protected":false},"author":1,"featured_media":0,"parent":0,"menu_order":0,"comment_status":"closed","ping_status":"closed","template":"","meta":{"footnotes":""},"class_list":["post-4842","page","type-page","status-publish","hentry"],"_links":{"self":[{"href":"https:\/\/fusiongrill.hu\/en\/wp-json\/wp\/v2\/pages\/4842","targetHints":{"allow":["GET"]}}],"collection":[{"href":"https:\/\/fusiongrill.hu\/en\/wp-json\/wp\/v2\/pages"}],"about":[{"href":"https:\/\/fusiongrill.hu\/en\/wp-json\/wp\/v2\/types\/page"}],"author":[{"embeddable":true,"href":"https:\/\/fusiongrill.hu\/en\/wp-json\/wp\/v2\/users\/1"}],"replies":[{"embeddable":true,"href":"https:\/\/fusiongrill.hu\/en\/wp-json\/wp\/v2\/comments?post=4842"}],"version-history":[{"count":15,"href":"https:\/\/fusiongrill.hu\/en\/wp-json\/wp\/v2\/pages\/4842\/revisions"}],"predecessor-version":[{"id":6003,"href":"https:\/\/fusiongrill.hu\/en\/wp-json\/wp\/v2\/pages\/4842\/revisions\/6003"}],"wp:attachment":[{"href":"https:\/\/fusiongrill.hu\/en\/wp-json\/wp\/v2\/media?parent=4842"}],"curies":[{"name":"wp","href":"https:\/\/api.w.org\/{rel}","templated":true}]}}