{"id":4401,"date":"2022-02-09T11:23:16","date_gmt":"2022-02-09T11:23:16","guid":{"rendered":"https:\/\/stg.fusiongrill.hu\/?page_id=4401"},"modified":"2023-02-23T12:32:22","modified_gmt":"2023-02-23T11:32:22","slug":"rolunk","status":"publish","type":"page","link":"https:\/\/fusiongrill.hu\/en\/rolunk\/","title":{"rendered":"About Us"},"content":{"rendered":"<div class=\"wpb-content-wrapper\"><div data-vc-full-width=\"true\" data-vc-full-width-init=\"false\" class=\"vc_row wpb_row vc_row-fluid vc_custom_1655204230660 vc_row-has-fill vc_row-o-full-height vc_row-o-columns-middle vc_row-o-content-middle vc_row-flex lafka-align-center\">\r\n    <div class=\"wpb_column vc_column_container vc_col-sm-2\"><div class=\"vc_column-inner\"><div class=\"wpb_wrapper\"><\/div><\/div><\/div><div class=\"wpb_column vc_column_container vc_col-sm-8\"><div class=\"vc_column-inner\"><div class=\"wpb_wrapper\">\n\t<div class=\"wpb_text_column wpb_content_element\" >\n\t\t<div class=\"wpb_wrapper\">\n\t\t\t<h2><b>Our Goal:\u00a0<\/b><\/h2>\n\n\t\t<\/div>\n\t<\/div>\n\n\t<div class=\"wpb_text_column wpb_content_element\" >\n\t\t<div class=\"wpb_wrapper\">\n\t\t\t<p>To serve our customers the with tastiest high-quality grilled dishes they\u2019ve ever had. Our aim is that customers will come back and will recommend the restaurant to friends.<\/p>\n<h2><b>Important for us!<\/b><\/h2>\n<h4><\/h4>\n<h4 style=\"text-align: left;\"><b>Authenticity:<\/b><b><\/b><\/h4>\n<p style=\"text-align: left;\">Our food is prepared by tandoori chefs from India, who are masters of using traditional tandoor ovens. Their extensive knowledge of Indian spices and cooking methods is the guarantee of creating delicious authentic Indian cuisine.<\/p>\n<p style=\"text-align: left;\">Our delicious pizzas are made in a traditional pizza oven using the best ingredients.<\/p>\n<p style=\"text-align: left;\">Our Mexican dishes are made from authentic spices by chefs skilled in Mexican cooking methods.<\/p>\n<h4 style=\"text-align: left;\"><b>Healthy food\u00a0<\/b><\/h4>\n<p style=\"text-align: left;\">Just the best ingredients, and the tastiest bites with lots of healthy ingredients, like unique spices and vegetables! We combine different food groups and try to eliminate unhealthy elements.<\/p>\n<h4 style=\"text-align: left;\"><b>Making a Difference<\/b><\/h4>\n<p style=\"text-align: left;\">We put quality and passion into our work to create a healthy and unique food experience for you.<\/p>\n<h4 style=\"text-align: left;\"><b>Local sourcing<\/b><\/h4>\n<p style=\"text-align: left;\">We try to source our needed ingredients from closest markets and from small, local producers.<\/p>\n<h4 style=\"text-align: left;\"><b>Our Guests\u00a0<\/b><\/h4>\n<p style=\"text-align: left;\">Curious locals or tourists looking to taste something different.<\/p>\n<p style=\"text-align: left;\">Students who might just want to grab a quick bite or have delicious food delivered to them.<\/p>\n\n\t\t<\/div>\n\t<\/div>\n<\/div><\/div><\/div><div class=\"wpb_column vc_column_container vc_col-sm-2\"><div class=\"vc_column-inner\"><div class=\"wpb_wrapper\"><\/div><\/div><\/div><\/div>\r\n\r\n<div class=\"vc_row-full-width vc_clearfix\"><\/div>\r\n\r\n<div data-vc-full-width=\"true\" data-vc-full-width-init=\"false\" class=\"vc_row wpb_row vc_row-fluid vc_custom_1655203215095 vc_row-has-fill lafka-visible-overlay\">\r\n    <div class=\"wpb_column vc_column_container vc_col-sm-6\"><div class=\"vc_column-inner\"><div class=\"wpb_wrapper\">\n\t<div  class=\"wpb_single_image wpb_content_element vc_align_left wpb_content_element vc_custom_1655113415695\">\n\t\t\n\t\t<figure class=\"wpb_wrapper vc_figure\">\n\t\t\t<div class=\"vc_single_image-wrapper   vc_box_border_grey\"><img loading=\"lazy\" decoding=\"async\" width=\"1280\" height=\"958\" src=\"https:\/\/fusiongrill.hu\/wp-content\/uploads\/2022\/06\/Fusion-Grill-Belso-2022-Jun.jpeg\" class=\"vc_single_image-img attachment-full\" alt=\"\u00c9tterm\u00fcnk belseje, k\u00e9nyelmes \u00fcl\u0151helyket k\u00edn\u00e1l\u00f3 boxokkal, \u00e9s hangulatos vil\u00e1g\u00edt\u00e1ssal.\" title=\"Fusion Grill Bels\u00f6 - 2022 J\u00fan\" srcset=\"https:\/\/fusiongrill.hu\/wp-content\/uploads\/2022\/06\/Fusion-Grill-Belso-2022-Jun.jpeg 1280w, https:\/\/fusiongrill.hu\/wp-content\/uploads\/2022\/06\/Fusion-Grill-Belso-2022-Jun-300x225.jpeg 300w, https:\/\/fusiongrill.hu\/wp-content\/uploads\/2022\/06\/Fusion-Grill-Belso-2022-Jun-1024x766.jpeg 1024w, https:\/\/fusiongrill.hu\/wp-content\/uploads\/2022\/06\/Fusion-Grill-Belso-2022-Jun-768x575.jpeg 768w, https:\/\/fusiongrill.hu\/wp-content\/uploads\/2022\/06\/Fusion-Grill-Belso-2022-Jun-16x12.jpeg 16w, https:\/\/fusiongrill.hu\/wp-content\/uploads\/2022\/06\/Fusion-Grill-Belso-2022-Jun-100x75.jpeg 100w, https:\/\/fusiongrill.hu\/wp-content\/uploads\/2022\/06\/Fusion-Grill-Belso-2022-Jun-400x300.jpeg 400w, https:\/\/fusiongrill.hu\/wp-content\/uploads\/2022\/06\/Fusion-Grill-Belso-2022-Jun-600x449.jpeg 600w\" sizes=\"auto, (max-width: 1280px) 100vw, 1280px\" \/><\/div>\n\t\t<\/figure>\n\t<\/div>\n<\/div><\/div><\/div><div class=\"wpb_column vc_column_container vc_col-sm-6\"><div class=\"vc_column-inner\"><div class=\"wpb_wrapper\">\n\t<div  class=\"wpb_single_image wpb_content_element vc_align_left wpb_content_element\">\n\t\t\n\t\t<figure class=\"wpb_wrapper vc_figure\">\n\t\t\t<div class=\"vc_single_image-wrapper   vc_box_border_grey\"><img loading=\"lazy\" decoding=\"async\" width=\"1280\" height=\"958\" src=\"https:\/\/fusiongrill.hu\/wp-content\/uploads\/2022\/06\/Fusion-Grill-Kulso-2022-Jun.jpeg\" class=\"vc_single_image-img attachment-full\" alt=\"Indiai, Mexik\u00f3i \u00e9s Olasz \u00e9teleket k\u00edn\u00e1l\u00f3 \u00e9tterm\u00fcnk, a Fusion Grill piros \u00e9p\u00fclete az utc\u00e1r\u00f3l n\u00e9zve.\" title=\"Fusion Grill K\u00fcls\u00f6 - 2022 J\u00fan\" srcset=\"https:\/\/fusiongrill.hu\/wp-content\/uploads\/2022\/06\/Fusion-Grill-Kulso-2022-Jun.jpeg 1280w, https:\/\/fusiongrill.hu\/wp-content\/uploads\/2022\/06\/Fusion-Grill-Kulso-2022-Jun-300x225.jpeg 300w, https:\/\/fusiongrill.hu\/wp-content\/uploads\/2022\/06\/Fusion-Grill-Kulso-2022-Jun-1024x766.jpeg 1024w, https:\/\/fusiongrill.hu\/wp-content\/uploads\/2022\/06\/Fusion-Grill-Kulso-2022-Jun-768x575.jpeg 768w, https:\/\/fusiongrill.hu\/wp-content\/uploads\/2022\/06\/Fusion-Grill-Kulso-2022-Jun-16x12.jpeg 16w, https:\/\/fusiongrill.hu\/wp-content\/uploads\/2022\/06\/Fusion-Grill-Kulso-2022-Jun-100x75.jpeg 100w, https:\/\/fusiongrill.hu\/wp-content\/uploads\/2022\/06\/Fusion-Grill-Kulso-2022-Jun-400x300.jpeg 400w, https:\/\/fusiongrill.hu\/wp-content\/uploads\/2022\/06\/Fusion-Grill-Kulso-2022-Jun-600x449.jpeg 600w\" sizes=\"auto, (max-width: 1280px) 100vw, 1280px\" \/><\/div>\n\t\t<\/figure>\n\t<\/div>\n<\/div><\/div><\/div><\/div>\r\n\r\n<div class=\"vc_row-full-width vc_clearfix\"><\/div>\r\n\r\n<div class=\"vc_row wpb_row vc_row-fluid\">\r\n    <div class=\"wpb_column vc_column_container vc_col-sm-2\"><div class=\"vc_column-inner\"><div class=\"wpb_wrapper\"><\/div><\/div><\/div><div class=\"wpb_column vc_column_container vc_col-sm-8\"><div class=\"vc_column-inner\"><div class=\"wpb_wrapper\">\n\t<div class=\"wpb_text_column wpb_content_element\" >\n\t\t<div class=\"wpb_wrapper\">\n\t\t\t<h4><b>Quality<\/b><\/h4>\n<p>First of all, we want to fulfill what is stated and implied as our mission statement. Our customers expect the food to be what is promised on the menu, to be cooked and prepared properly, to be clean and to have the correct flavor.<\/p>\n<p>We know that advertising is very important for a business but repeat business and referrals come from customers being very satisfied by the quality of our food and service.<\/p>\n<h4><b>Location<\/b><\/h4>\n<p>We are just a short 5-10 min walk away from the famous Sz\u00e9chenyi square (city center of P\u00e9cs). But we also deliver your choice of Mexican and Indian food to your doorstep.<\/p>\n\n\t\t<\/div>\n\t<\/div>\n<\/div><\/div><\/div><div class=\"wpb_column vc_column_container vc_col-sm-2\"><div class=\"vc_column-inner\"><div class=\"wpb_wrapper\"><\/div><\/div><\/div><\/div>\r\n\r\n\r\n\r\n<div data-vc-full-width=\"true\" data-vc-full-width-init=\"false\" class=\"vc_row wpb_row vc_row-fluid vc_custom_1655203742636 vc_row-has-fill vc_row-o-content-middle vc_row-flex\">\r\n    <div class=\"wpb_column vc_column_container vc_col-sm-12\"><div class=\"vc_column-inner\"><div class=\"wpb_wrapper\">\n\t<div class=\"wpb_text_column wpb_content_element\" >\n\t\t<div class=\"wpb_wrapper\">\n\t\t\t<h6>Communication<br \/>\nFor us and our staff, it's really important to be polite the moment a guest walks through the door. The same courtesy is maintained when they order and throughout their stay in the restaurant, including paying for their meal and leaving through the door.<\/h6>\n\n\t\t<\/div>\n\t<\/div>\n<\/div><\/div><\/div><\/div>\r\n\r\n<div class=\"vc_row-full-width vc_clearfix\"><\/div>\n<\/div>","protected":false},"excerpt":{"rendered":"K\u00fcldet\u00e9s\u00fcnk:\u00a0 Vend\u00e9geinknek olyan finom \u00e9s kiv\u00e1l\u00f3 min\u0151s\u00e9g\u0171 grillezett \u00e9teleket szeretn\u00e9nk felszolg\u00e1lni amilyet m\u00e9g soha nem ettek. C\u00e9lunk, hogy a vend\u00e9geink \u00f6r\u00f6mmel mes\u00e9ljenek bar\u00e1taiknak az \u00ednycsikland\u00f3 \u00e9teleinkr\u0151l, \u00e9s hogy sz\u00edvesen j\u00e1rjanak vissza hozz\u00e1nk. Ami nek\u00fcnk fontos: Az autentikuss\u00e1g: \u00c9teleinket indiai tandoori szak\u00e1csok k\u00e9sz\u00edtik, akik mesterei a hagyom\u00e1nyos tandoor kemenc\u00e9k haszn\u00e1lat\u00e1nak. Az indiai f\u0171szerek \u00e9s f\u0151z\u00e9si m\u00f3dszerek...<a class=\"r_more_blog\" href=\"https:\/\/fusiongrill.hu\/en\/rolunk\/#more-4401\"> continue reading<\/a>","protected":false},"author":1,"featured_media":0,"parent":0,"menu_order":0,"comment_status":"closed","ping_status":"closed","template":"","meta":{"footnotes":""},"class_list":["post-4401","page","type-page","status-publish","hentry"],"_links":{"self":[{"href":"https:\/\/fusiongrill.hu\/en\/wp-json\/wp\/v2\/pages\/4401","targetHints":{"allow":["GET"]}}],"collection":[{"href":"https:\/\/fusiongrill.hu\/en\/wp-json\/wp\/v2\/pages"}],"about":[{"href":"https:\/\/fusiongrill.hu\/en\/wp-json\/wp\/v2\/types\/page"}],"author":[{"embeddable":true,"href":"https:\/\/fusiongrill.hu\/en\/wp-json\/wp\/v2\/users\/1"}],"replies":[{"embeddable":true,"href":"https:\/\/fusiongrill.hu\/en\/wp-json\/wp\/v2\/comments?post=4401"}],"version-history":[{"count":28,"href":"https:\/\/fusiongrill.hu\/en\/wp-json\/wp\/v2\/pages\/4401\/revisions"}],"predecessor-version":[{"id":5212,"href":"https:\/\/fusiongrill.hu\/en\/wp-json\/wp\/v2\/pages\/4401\/revisions\/5212"}],"wp:attachment":[{"href":"https:\/\/fusiongrill.hu\/en\/wp-json\/wp\/v2\/media?parent=4401"}],"curies":[{"name":"wp","href":"https:\/\/api.w.org\/{rel}","templated":true}]}}