{"id":4321,"date":"2021-11-22T11:59:50","date_gmt":"2021-11-22T11:59:50","guid":{"rendered":"https:\/\/stg.fusiongrill.hu\/?page_id=4321"},"modified":"2025-04-07T14:38:45","modified_gmt":"2025-04-07T12:38:45","slug":"desszertek","status":"publish","type":"page","link":"https:\/\/fusiongrill.hu\/en\/desszertek\/","title":{"rendered":"Desszertjeink"},"content":{"rendered":"<div class=\"wpb-content-wrapper\"><div class=\"vc_row wpb_row vc_row-fluid vc_custom_1654156495843\">\r\n    <div class=\"wpb_column vc_column_container vc_col-sm-12\"><div class=\"vc_column-inner\"><div class=\"wpb_wrapper\"><\/div><\/div><\/div><\/div>\r\n\r\n\r\n\r\n<div data-vc-full-width=\"true\" data-vc-full-width-init=\"false\" class=\"vc_row wpb_row vc_row-fluid vc_custom_1654595317507 vc_row-has-fill\">\r\n    <div class=\"wpb_column vc_column_container vc_col-sm-12\"><div class=\"vc_column-inner vc_custom_1560664243215\"><div class=\"wpb_wrapper\"><div class=\"woocommerce columns-4 \"><\/div><\/div><\/div><\/div><\/div>\r\n\r\n<div class=\"vc_row-full-width vc_clearfix\"><\/div>\r\n\r\n<div data-vc-full-width=\"true\" data-vc-full-width-init=\"false\" class=\"vc_row wpb_row vc_row-fluid vc_custom_1654595324491 vc_row-has-fill\">\r\n    <div class=\"wpb_column vc_column_container vc_col-sm-12\"><div class=\"vc_column-inner\"><div class=\"wpb_wrapper\"><h2 style=\"font-size: 52px;text-align: center\" class=\"vc_custom_heading vc_do_custom_heading\" >Desszertek<\/h2><div class=\"woocommerce columns-4 \"><div class=\"prod_hold lafka-prodhover-zoom lafka-visible-buttons product type-product post-5557 status-publish first instock product_cat-desszertek has-post-thumbnail shipping-taxable purchasable product-type-simple\">\r\n\r\n\t<div class=\"image\">\r\n        <a href=\"https:\/\/fusiongrill.hu\/en\/termekek\/brownie-vaniliafagyival\/\">\r\n\t\t\t<img loading=\"lazy\" decoding=\"async\" width=\"300\" height=\"300\" src=\"https:\/\/fusiongrill.hu\/wp-content\/uploads\/2026\/02\/DSC01129-Half-300x300.jpg\" class=\"attachment-woocommerce_thumbnail size-woocommerce_thumbnail\" alt=\"brownie van\u00edliafagyival, \u00e9s tejs\u00edzennel egy feh\u00e9r t\u00e1ny\u00e9ron\" srcset=\"https:\/\/fusiongrill.hu\/wp-content\/uploads\/2026\/02\/DSC01129-Half-300x300.jpg 300w, https:\/\/fusiongrill.hu\/wp-content\/uploads\/2026\/02\/DSC01129-Half-150x150.jpg 150w, https:\/\/fusiongrill.hu\/wp-content\/uploads\/2026\/02\/DSC01129-Half-640x640.jpg 640w, https:\/\/fusiongrill.hu\/wp-content\/uploads\/2026\/02\/DSC01129-Half-100x100.jpg 100w, https:\/\/fusiongrill.hu\/wp-content\/uploads\/2026\/02\/DSC01129-Half-60x60.jpg 60w\" sizes=\"auto, (max-width: 300px) 100vw, 300px\" \/>\t\t\t        <\/a>\r\n\t\t<\/div>\t<div class=\"lafka-list-prod-summary\">\r\n\t\t<a class=\"wrap_link\" href=\"https:\/\/fusiongrill.hu\/en\/termekek\/brownie-vaniliafagyival\/\">\r\n\t\t\t<span class=\"name\">\r\n    \t\t\tBrownie Van\u00edliafagyival\t\t\t<\/span>\r\n\t\t<\/a>\r\n\t\t\t\t\t<div class=\"woocommerce-product-details__short-description\">\n\t<p><span data-sheets-root=\"1\" data-sheets-value=\"{&quot;1&quot;:2,&quot;2&quot;:&quot;forr\u00f3, kr\u00e9mes, brownie van\u00edlia fagyival \u00e9s csokisz\u00f3sszal.&quot;}\" data-sheets-userformat=\"{&quot;2&quot;:13241,&quot;3&quot;:{&quot;1&quot;:0},&quot;6&quot;:{&quot;1&quot;:[{&quot;1&quot;:2,&quot;2&quot;:0,&quot;5&quot;:{&quot;1&quot;:2,&quot;2&quot;:0}},{&quot;1&quot;:0,&quot;2&quot;:0,&quot;3&quot;:3},{&quot;1&quot;:1,&quot;2&quot;:0,&quot;4&quot;:1}]},&quot;7&quot;:{&quot;1&quot;:[{&quot;1&quot;:2,&quot;2&quot;:0,&quot;5&quot;:{&quot;1&quot;:2,&quot;2&quot;:0}},{&quot;1&quot;:0,&quot;2&quot;:0,&quot;3&quot;:3},{&quot;1&quot;:1,&quot;2&quot;:0,&quot;4&quot;:1}]},&quot;8&quot;:{&quot;1&quot;:[{&quot;1&quot;:2,&quot;2&quot;:0,&quot;5&quot;:{&quot;1&quot;:2,&quot;2&quot;:8355711}},{&quot;1&quot;:0,&quot;2&quot;:0,&quot;3&quot;:3},{&quot;1&quot;:1,&quot;2&quot;:0,&quot;4&quot;:1}]},&quot;10&quot;:0,&quot;11&quot;:4,&quot;12&quot;:0,&quot;15&quot;:&quot;Calibri&quot;,&quot;16&quot;:11}\">Forr\u00f3, kr\u00e9mes, brownie van\u00edlia fagyival \u00e9s csokisz\u00f3sszal.<\/span><\/p>\n<\/div>\n\t\t\t\t\t\t\t\r\n\t<div class=\"price_hold\"><span class=\"woocommerce-Price-amount amount\">1.890<span class=\"woocommerce-Price-currencySymbol\">&#070;&#116;<\/span><\/span><\/div>\r\n\t\t        <!-- Small countdown -->\r\n\t\t\t<\/div>\r\n\t\r\n\r\n\t<div class=\"links\">    <div class=\"quantity\">\r\n\t\t        <label class=\"screen-reader-text\" for=\"quantity_69e7e15e491a9\">Brownie Van\u00edliafagyival quantity<\/label>\r\n        <input\r\n                type=\"number\"\r\n\t                            id=\"quantity_69e7e15e491a9\"\r\n                class=\"input-text qty text\"\r\n                name=\"quantity\"\r\n                value=\"1\"\r\n\t\t        aria-label=\"Product quantity\"\r\n                size=\"4\"\r\n                min=\"1\"\r\n                max=\"\"\r\n\t\t\t                step=\"1\"\r\n                placeholder=\"\"\r\n                inputmode=\"numeric\"\r\n                autocomplete=\"off\"\r\n\t\t\t        \/>\r\n        <input type=\"button\" value=\"+\" class=\"lafka-qty-plus\" \/>\r\n        <input type=\"button\" value=\"-\" class=\"lafka-qty-minus\" \/>\r\n\t\t    <\/div>\r\n<a href=\"?add-to-cart=5557\" aria-describedby=\"woocommerce_loop_add_to_cart_link_describedby_5557\" data-quantity=\"1\" class=\"button product_type_simple add_to_cart_button ajax_add_to_cart\" title=\"Add\" data-product_id=\"5557\" data-product_sku=\"\" aria-label=\"Add to basket: &ldquo;Brownie Van\u00edliafagyival&rdquo;\" rel=\"nofollow\" data-success_message=\"&ldquo;Brownie Van\u00edliafagyival&rdquo; has been added to your cart\">Add<\/a><span id=\"woocommerce_loop_add_to_cart_link_describedby_5557\" class=\"screen-reader-text\">\r\n\t<\/span>\r\n<\/div>\r\n<\/div><div class=\"prod_hold lafka-prodhover-zoom lafka-visible-buttons product type-product post-4457 status-publish instock product_cat-olasz product_cat-desszertek has-post-thumbnail shipping-taxable purchasable product-type-simple\">\r\n\r\n\t<div class=\"image\">\r\n        <a href=\"https:\/\/fusiongrill.hu\/en\/termekek\/crespelle-gianduja\/\">\r\n\t\t\t<img loading=\"lazy\" decoding=\"async\" width=\"300\" height=\"300\" src=\"https:\/\/fusiongrill.hu\/wp-content\/uploads\/2026\/02\/DSC01296-Half-300x300.jpg\" class=\"attachment-woocommerce_thumbnail size-woocommerce_thumbnail\" alt=\"H\u00e1rom mogyor\u00f3kr\u00e9mmel t\u00f6lt\u00f6tt palacsinta, tejsz\u00ednhabbal \u00e9s csokisz\u00f3sszal t\u00e1lalva\" srcset=\"https:\/\/fusiongrill.hu\/wp-content\/uploads\/2026\/02\/DSC01296-Half-300x300.jpg 300w, https:\/\/fusiongrill.hu\/wp-content\/uploads\/2026\/02\/DSC01296-Half-150x150.jpg 150w, https:\/\/fusiongrill.hu\/wp-content\/uploads\/2026\/02\/DSC01296-Half-640x640.jpg 640w, https:\/\/fusiongrill.hu\/wp-content\/uploads\/2026\/02\/DSC01296-Half-100x100.jpg 100w, https:\/\/fusiongrill.hu\/wp-content\/uploads\/2026\/02\/DSC01296-Half-60x60.jpg 60w\" sizes=\"auto, (max-width: 300px) 100vw, 300px\" \/>\t\t\t        <\/a>\r\n\t\t<\/div>\t<div class=\"lafka-list-prod-summary\">\r\n\t\t<a class=\"wrap_link\" href=\"https:\/\/fusiongrill.hu\/en\/termekek\/crespelle-gianduja\/\">\r\n\t\t\t<span class=\"name\">\r\n    \t\t\tCrespelle Gianduja (3db)\t\t\t<\/span>\r\n\t\t<\/a>\r\n\t\t\t\t\t<div class=\"woocommerce-product-details__short-description\">\n\t<p><span data-sheets-value=\"{&quot;1&quot;:2,&quot;2&quot;:&quot;Mogyor\u00f3kr\u00e9mes palacsinta tejsz\u00ednhabbal.&quot;}\" data-sheets-userformat=\"{&quot;2&quot;:15103,&quot;3&quot;:{&quot;1&quot;:0},&quot;4&quot;:{&quot;1&quot;:2,&quot;2&quot;:16777215},&quot;5&quot;:{&quot;1&quot;:[{&quot;1&quot;:2,&quot;2&quot;:0,&quot;5&quot;:{&quot;1&quot;:2,&quot;2&quot;:0}},{&quot;1&quot;:0,&quot;2&quot;:0,&quot;3&quot;:3},{&quot;1&quot;:1,&quot;2&quot;:0,&quot;4&quot;:1}]},&quot;6&quot;:{&quot;1&quot;:[{&quot;1&quot;:2,&quot;2&quot;:0,&quot;5&quot;:{&quot;1&quot;:2,&quot;2&quot;:0}},{&quot;1&quot;:0,&quot;2&quot;:0,&quot;3&quot;:3},{&quot;1&quot;:1,&quot;2&quot;:0,&quot;4&quot;:1}]},&quot;7&quot;:{&quot;1&quot;:[{&quot;1&quot;:2,&quot;2&quot;:0,&quot;5&quot;:{&quot;1&quot;:2,&quot;2&quot;:0}},{&quot;1&quot;:0,&quot;2&quot;:0,&quot;3&quot;:3},{&quot;1&quot;:1,&quot;2&quot;:0,&quot;4&quot;:1}]},&quot;8&quot;:{&quot;1&quot;:[{&quot;1&quot;:2,&quot;2&quot;:0,&quot;5&quot;:{&quot;1&quot;:2,&quot;2&quot;:0}},{&quot;1&quot;:0,&quot;2&quot;:0,&quot;3&quot;:3},{&quot;1&quot;:1,&quot;2&quot;:0,&quot;4&quot;:1}]},&quot;9&quot;:0,&quot;10&quot;:1,&quot;12&quot;:0,&quot;14&quot;:{&quot;1&quot;:2,&quot;2&quot;:0},&quot;15&quot;:&quot;Calibri&quot;,&quot;16&quot;:11}\">Mogyor\u00f3kr\u00e9mes palacsinta tejsz\u00ednhabbal.<\/span><\/p>\n<\/div>\n\t\t\t\t\t\t\t\r\n\t<div class=\"price_hold\"><span class=\"woocommerce-Price-amount amount\">1.790<span class=\"woocommerce-Price-currencySymbol\">&#070;&#116;<\/span><\/span><\/div>\r\n\t\t        <!-- Small countdown -->\r\n\t\t\t<\/div>\r\n\t\r\n\r\n\t<div class=\"links\">    <div class=\"quantity\">\r\n\t\t        <label class=\"screen-reader-text\" for=\"quantity_69e7e15e4bdda\">Crespelle Gianduja (3db) quantity<\/label>\r\n        <input\r\n                type=\"number\"\r\n\t                            id=\"quantity_69e7e15e4bdda\"\r\n                class=\"input-text qty text\"\r\n                name=\"quantity\"\r\n                value=\"1\"\r\n\t\t        aria-label=\"Product quantity\"\r\n                size=\"4\"\r\n                min=\"1\"\r\n                max=\"\"\r\n\t\t\t                step=\"1\"\r\n                placeholder=\"\"\r\n                inputmode=\"numeric\"\r\n                autocomplete=\"off\"\r\n\t\t\t        \/>\r\n        <input type=\"button\" value=\"+\" class=\"lafka-qty-plus\" \/>\r\n        <input type=\"button\" value=\"-\" class=\"lafka-qty-minus\" \/>\r\n\t\t    <\/div>\r\n<a href=\"?add-to-cart=4457\" aria-describedby=\"woocommerce_loop_add_to_cart_link_describedby_4457\" data-quantity=\"1\" class=\"button product_type_simple add_to_cart_button ajax_add_to_cart\" title=\"Add\" data-product_id=\"4457\" data-product_sku=\"\" aria-label=\"Add to basket: &ldquo;Crespelle Gianduja (3db)&rdquo;\" rel=\"nofollow\" data-success_message=\"&ldquo;Crespelle Gianduja (3db)&rdquo; has been added to your cart\">Add<\/a><span id=\"woocommerce_loop_add_to_cart_link_describedby_4457\" class=\"screen-reader-text\">\r\n\t<\/span>\r\n<\/div>\r\n<\/div><div class=\"prod_hold lafka-prodhover-zoom lafka-visible-buttons product type-product post-5318 status-publish instock product_cat-desszertek product_cat-olasz has-post-thumbnail shipping-taxable purchasable product-type-simple\">\r\n\r\n\t<div class=\"image\">\r\n        <a href=\"https:\/\/fusiongrill.hu\/en\/termekek\/fekete-feher\/\">\r\n\t\t\t<img loading=\"lazy\" decoding=\"async\" width=\"300\" height=\"300\" src=\"https:\/\/fusiongrill.hu\/wp-content\/uploads\/2026\/02\/DSC01303-Half-300x300.jpg\" class=\"attachment-woocommerce_thumbnail size-woocommerce_thumbnail\" alt=\"3db palacsinta egy gomb\u00f3c van\u00edliafagyival\" srcset=\"https:\/\/fusiongrill.hu\/wp-content\/uploads\/2026\/02\/DSC01303-Half-300x300.jpg 300w, https:\/\/fusiongrill.hu\/wp-content\/uploads\/2026\/02\/DSC01303-Half-150x150.jpg 150w, https:\/\/fusiongrill.hu\/wp-content\/uploads\/2026\/02\/DSC01303-Half-640x640.jpg 640w, https:\/\/fusiongrill.hu\/wp-content\/uploads\/2026\/02\/DSC01303-Half-100x100.jpg 100w, https:\/\/fusiongrill.hu\/wp-content\/uploads\/2026\/02\/DSC01303-Half-60x60.jpg 60w\" sizes=\"auto, (max-width: 300px) 100vw, 300px\" \/>\t\t\t        <\/a>\r\n\t\t<\/div>\t<div class=\"lafka-list-prod-summary\">\r\n\t\t<a class=\"wrap_link\" href=\"https:\/\/fusiongrill.hu\/en\/termekek\/fekete-feher\/\">\r\n\t\t\t<span class=\"name\">\r\n    \t\t\tFekete-Feh\u00e9r\t\t\t<\/span>\r\n\t\t<\/a>\r\n\t\t\t\t\t<div class=\"woocommerce-product-details__short-description\">\n\t<p>\u00d3ri\u00e1s palacsinta mogyor\u00f3s csokol\u00e1d\u00e9kr\u00e9mmel t\u00f6ltve, csokol\u00e1d\u00e9sz\u00f3sszal \u00e9s pr\u00e9mium csokifagyival<\/p>\n<\/div>\n\t\t\t\t\t\t\t\r\n\t<div class=\"price_hold\"><span class=\"woocommerce-Price-amount amount\">2.390<span class=\"woocommerce-Price-currencySymbol\">&#070;&#116;<\/span><\/span><\/div>\r\n\t\t        <!-- Small countdown -->\r\n\t\t\t<\/div>\r\n\t\r\n\r\n\t<div class=\"links\">    <div class=\"quantity\">\r\n\t\t        <label class=\"screen-reader-text\" for=\"quantity_69e7e15e4e56b\">Fekete-Feh\u00e9r quantity<\/label>\r\n        <input\r\n                type=\"number\"\r\n\t                            id=\"quantity_69e7e15e4e56b\"\r\n                class=\"input-text qty text\"\r\n                name=\"quantity\"\r\n                value=\"1\"\r\n\t\t        aria-label=\"Product quantity\"\r\n                size=\"4\"\r\n                min=\"1\"\r\n                max=\"\"\r\n\t\t\t                step=\"1\"\r\n                placeholder=\"\"\r\n                inputmode=\"numeric\"\r\n                autocomplete=\"off\"\r\n\t\t\t        \/>\r\n        <input type=\"button\" value=\"+\" class=\"lafka-qty-plus\" \/>\r\n        <input type=\"button\" value=\"-\" class=\"lafka-qty-minus\" \/>\r\n\t\t    <\/div>\r\n<a href=\"?add-to-cart=5318\" aria-describedby=\"woocommerce_loop_add_to_cart_link_describedby_5318\" data-quantity=\"1\" class=\"button product_type_simple add_to_cart_button ajax_add_to_cart\" title=\"Add\" data-product_id=\"5318\" data-product_sku=\"\" aria-label=\"Add to basket: &ldquo;Fekete-Feh\u00e9r&rdquo;\" rel=\"nofollow\" data-success_message=\"&ldquo;Fekete-Feh\u00e9r&rdquo; has been added to your cart\">Add<\/a><span id=\"woocommerce_loop_add_to_cart_link_describedby_5318\" class=\"screen-reader-text\">\r\n\t<\/span>\r\n<\/div>\r\n<\/div><\/div><\/div><\/div><\/div><\/div>\r\n\r\n<div class=\"vc_row-full-width vc_clearfix\"><\/div>\r\n\r\n<div data-vc-full-width=\"true\" data-vc-full-width-init=\"false\" class=\"vc_row wpb_row vc_row-fluid vc_custom_1558696819041 vc_row-has-fill vc_row-o-content-middle vc_row-flex\">\r\n    <div class=\"wpb_column vc_column_container vc_col-sm-12\"><div class=\"vc_column-inner vc_custom_1555854757592\"><div class=\"wpb_wrapper\">\n\t<div class=\"wpb_text_column wpb_content_element\" >\n\t\t<div class=\"wpb_wrapper\">\n\t\t\t\n\t\t<\/div>\n\t<\/div>\n<\/div><\/div><\/div><\/div>\r\n\r\n<div class=\"vc_row-full-width vc_clearfix\"><\/div>\n<\/div>","protected":false},"excerpt":{"rendered":"Desszertek Brownie Van\u00edliafagyival Forr\u00f3, kr\u00e9mes, brownie van\u00edlia fagyival \u00e9s csokisz\u00f3sszal. 1.890&#070;&#116; Brownie Van\u00edliafagyival quantity Add Crespelle Gianduja (3db) Mogyor\u00f3kr\u00e9mes palacsinta tejsz\u00ednhabbal. 1.790&#070;&#116; Crespelle Gianduja (3db) quantity Add Fekete-Feh\u00e9r \u00d3ri\u00e1s palacsinta mogyor\u00f3s csokol\u00e1d\u00e9kr\u00e9mmel t\u00f6ltve, csokol\u00e1d\u00e9sz\u00f3sszal \u00e9s pr\u00e9mium csokifagyival 2.390&#070;&#116; Fekete-Feh\u00e9r quantity Add","protected":false},"author":1,"featured_media":0,"parent":0,"menu_order":0,"comment_status":"closed","ping_status":"closed","template":"","meta":{"footnotes":""},"class_list":["post-4321","page","type-page","status-publish","hentry"],"_links":{"self":[{"href":"https:\/\/fusiongrill.hu\/en\/wp-json\/wp\/v2\/pages\/4321","targetHints":{"allow":["GET"]}}],"collection":[{"href":"https:\/\/fusiongrill.hu\/en\/wp-json\/wp\/v2\/pages"}],"about":[{"href":"https:\/\/fusiongrill.hu\/en\/wp-json\/wp\/v2\/types\/page"}],"author":[{"embeddable":true,"href":"https:\/\/fusiongrill.hu\/en\/wp-json\/wp\/v2\/users\/1"}],"replies":[{"embeddable":true,"href":"https:\/\/fusiongrill.hu\/en\/wp-json\/wp\/v2\/comments?post=4321"}],"version-history":[{"count":19,"href":"https:\/\/fusiongrill.hu\/en\/wp-json\/wp\/v2\/pages\/4321\/revisions"}],"predecessor-version":[{"id":5952,"href":"https:\/\/fusiongrill.hu\/en\/wp-json\/wp\/v2\/pages\/4321\/revisions\/5952"}],"wp:attachment":[{"href":"https:\/\/fusiongrill.hu\/en\/wp-json\/wp\/v2\/media?parent=4321"}],"curies":[{"name":"wp","href":"https:\/\/api.w.org\/{rel}","templated":true}]}}