{"id":3407,"date":"2019-04-22T16:19:00","date_gmt":"2019-04-22T16:19:00","guid":{"rendered":"https:\/\/lafka.althemist.com\/fastfood\/?page_id=3407"},"modified":"2026-03-06T11:52:10","modified_gmt":"2026-03-06T10:52:10","slug":"home","status":"publish","type":"page","link":"https:\/\/fusiongrill.hu\/en\/","title":{"rendered":"Home"},"content":{"rendered":"<div class=\"wpb-content-wrapper\"><div data-vc-full-width=\"true\" data-vc-full-width-init=\"false\" class=\"vc_row wpb_row vc_row-fluid vc_custom_1556001607632 vc_row-has-fill\">\r\n    <div class=\"wpb_column vc_column_container vc_col-sm-12\"><div class=\"vc_column-inner\"><div class=\"wpb_wrapper\"><div class=\"vc_row wpb_row vc_inner vc_row-fluid\" >\r\n\t<div class=\"wpb_column vc_column_container vc_col-sm-6\"><div class=\"vc_column-inner\"><div class=\"wpb_wrapper\">\t\t<div class=\"wpb_lafka_banner wpb_content_element banner-bottom-left    vc_custom_1729762603539\">\r\n\t\t\t<div class=\"wpb_wrapper\">\r\n\t\t\t\t<div class=\"lafka_whole_banner_wrapper\">\r\n\t\t\t\t\t<a href=\"https:\/\/fusiongrill.hu\/en\/fusion-etlap\/\" target=\"_self\" title=\"Choose from our new menu!\">\r\n\t\t\t\t\t\t\t\t\t\t\t\t\t<div class=\"lafka_banner_image\">\r\n\t\t\t\t\t\t\t\t<img loading=\"lazy\" decoding=\"async\" width=\"680\" height=\"500\" src=\"https:\/\/fusiongrill.hu\/wp-content\/uploads\/2023\/03\/etlap-1.jpg\" class=\"lafka_banner_bg\" alt=\"V\u00e1logass meg\u00fajult \u00e9tlapunkr\u00f3l!\" srcset=\"https:\/\/fusiongrill.hu\/wp-content\/uploads\/2023\/03\/etlap-1.jpg 680w, https:\/\/fusiongrill.hu\/wp-content\/uploads\/2023\/03\/etlap-1-300x221.jpg 300w, https:\/\/fusiongrill.hu\/wp-content\/uploads\/2023\/03\/etlap-1-16x12.jpg 16w, https:\/\/fusiongrill.hu\/wp-content\/uploads\/2023\/03\/etlap-1-100x74.jpg 100w, https:\/\/fusiongrill.hu\/wp-content\/uploads\/2023\/03\/etlap-1-600x441.jpg 600w\" sizes=\"auto, (max-width: 680px) 100vw, 680px\" \/>\t\t\t\t\t\t\t<\/div>\r\n\t\t\t\t\t\t\t\t\t\t\t\t<div class=\"lafka_banner_text\">\r\n\t\t\t\t\t\t\t<div class=\"lafka_banner_centering\">\r\n\t\t\t\t\t\t\t\t<div class=\"lafka_banner_centered\">\r\n\t\t\t\t\t\t\t\t\t\t\t\t\t\t\t\t\t\t\t\t\t\t\t\t\t\t\t\t\t\t\t\t\t\t\t\t\t<h4><span>Choose from our new menu!<\/span><\/h4>\r\n\t\t\t\t\t\t\t\t\t\t\t\t\t\t\t\t\t\t\t\t\t\t\t\t\t\t\t\t\t\t\t\t\t\t\t<\/div>\r\n\t\t\t\t\t\t\t<\/div>\r\n\t\t\t\t\t\t<\/div>\r\n\t\t\t\t\t<\/a>\r\n\t\t\t\t<\/div>\r\n\t\t\t<\/div>\r\n\t\t<\/div>\r\n\t\t<\/div><\/div><\/div><div class=\"wpb_column vc_column_container vc_col-sm-6\"><div class=\"vc_column-inner\"><div class=\"wpb_wrapper\">\t\t<div class=\"wpb_lafka_banner wpb_content_element banner-bottom-left    vc_custom_1729762594971\">\r\n\t\t\t<div class=\"wpb_wrapper\">\r\n\t\t\t\t<div class=\"lafka_whole_banner_wrapper\">\r\n\t\t\t\t\t<a href=\"https:\/\/fusiongrill.hu\/en\/mexikoi\/\" target=\"_self\" title=\"Tex-Mex\">\r\n\t\t\t\t\t\t\t\t\t\t\t\t\t<div class=\"lafka_banner_image\">\r\n\t\t\t\t\t\t\t\t<img loading=\"lazy\" decoding=\"async\" width=\"680\" height=\"233\" src=\"https:\/\/fusiongrill.hu\/wp-content\/uploads\/2023\/03\/A-legfinomabb-tex-mex-izek.jpg\" class=\"lafka_banner_bg\" alt=\"Tex-Mex \u00edzek\" srcset=\"https:\/\/fusiongrill.hu\/wp-content\/uploads\/2023\/03\/A-legfinomabb-tex-mex-izek.jpg 680w, https:\/\/fusiongrill.hu\/wp-content\/uploads\/2023\/03\/A-legfinomabb-tex-mex-izek-300x103.jpg 300w, https:\/\/fusiongrill.hu\/wp-content\/uploads\/2023\/03\/A-legfinomabb-tex-mex-izek-18x6.jpg 18w, https:\/\/fusiongrill.hu\/wp-content\/uploads\/2023\/03\/A-legfinomabb-tex-mex-izek-100x34.jpg 100w, https:\/\/fusiongrill.hu\/wp-content\/uploads\/2023\/03\/A-legfinomabb-tex-mex-izek-600x206.jpg 600w\" sizes=\"auto, (max-width: 680px) 100vw, 680px\" \/>\t\t\t\t\t\t\t<\/div>\r\n\t\t\t\t\t\t\t\t\t\t\t\t<div class=\"lafka_banner_text\">\r\n\t\t\t\t\t\t\t<div class=\"lafka_banner_centering\">\r\n\t\t\t\t\t\t\t\t<div class=\"lafka_banner_centered\">\r\n\t\t\t\t\t\t\t\t\t\t\t\t\t\t\t\t\t\t                                        <h5  >The best of<\/h5>\r\n\t\t\t\t\t\t\t\t\t\t\t\t\t\t\t\t\t\t\t\t\t\t\t\t\t\t\t\t<h4><span>Tex-Mex<\/span><\/h4>\r\n\t\t\t\t\t\t\t\t\t\t\t\t\t\t\t\t\t\t\t\t\t\t\t\t\t\t\t\t\t\t\t\t\t\t\t<\/div>\r\n\t\t\t\t\t\t\t<\/div>\r\n\t\t\t\t\t\t<\/div>\r\n\t\t\t\t\t<\/a>\r\n\t\t\t\t<\/div>\r\n\t\t\t<\/div>\r\n\t\t<\/div>\r\n\t\t\t\t<div class=\"wpb_lafka_banner wpb_content_element banner-bottom-left    vc_custom_1770112408661\">\r\n\t\t\t<div class=\"wpb_wrapper\">\r\n\t\t\t\t<div class=\"lafka_whole_banner_wrapper\">\r\n\t\t\t\t\t<a href=\"#\" target=\"_self\" title=\"On Friday!\">\r\n\t\t\t\t\t\t\t\t\t\t\t\t\t<div class=\"lafka_banner_image\">\r\n\t\t\t\t\t\t\t\t<img loading=\"lazy\" decoding=\"async\" width=\"680\" height=\"233\" src=\"https:\/\/fusiongrill.hu\/wp-content\/uploads\/2023\/03\/menu-fooldalra.jpg\" class=\"lafka_banner_bg\" alt=\"P\u00e9nteken!\" srcset=\"https:\/\/fusiongrill.hu\/wp-content\/uploads\/2023\/03\/menu-fooldalra.jpg 680w, https:\/\/fusiongrill.hu\/wp-content\/uploads\/2023\/03\/menu-fooldalra-300x103.jpg 300w, https:\/\/fusiongrill.hu\/wp-content\/uploads\/2023\/03\/menu-fooldalra-18x6.jpg 18w, https:\/\/fusiongrill.hu\/wp-content\/uploads\/2023\/03\/menu-fooldalra-100x34.jpg 100w, https:\/\/fusiongrill.hu\/wp-content\/uploads\/2023\/03\/menu-fooldalra-600x206.jpg 600w\" sizes=\"auto, (max-width: 680px) 100vw, 680px\" \/>\t\t\t\t\t\t\t<\/div>\r\n\t\t\t\t\t\t\t\t\t\t\t\t<div class=\"lafka_banner_text\">\r\n\t\t\t\t\t\t\t<div class=\"lafka_banner_centering\">\r\n\t\t\t\t\t\t\t\t<div class=\"lafka_banner_centered\">\r\n\t\t\t\t\t\t\t\t\t\t\t\t\t\t\t\t\t\t                                        <h5  >Lunch Menu<\/h5>\r\n\t\t\t\t\t\t\t\t\t\t\t\t\t\t\t\t\t\t\t\t\t\t\t\t\t\t\t\t<h4><span>On Friday!<\/span><\/h4>\r\n\t\t\t\t\t\t\t\t\t\t\t\t\t\t\t\t\t\t\t\t\t\t\t\t\t\t\t\t\t\t\t\t\t\t\t<\/div>\r\n\t\t\t\t\t\t\t<\/div>\r\n\t\t\t\t\t\t<\/div>\r\n\t\t\t\t\t<\/a>\r\n\t\t\t\t<\/div>\r\n\t\t\t<\/div>\r\n\t\t<\/div>\r\n\t\t<\/div><\/div><\/div><\/div>\r\n\r\n\r\n\r\n<div class=\"vc_row wpb_row vc_inner vc_row-fluid\" >\r\n\t<div class=\"wpb_column vc_column_container vc_col-sm-4\"><div class=\"vc_column-inner\"><div class=\"wpb_wrapper\">\t\t<div class=\"wpb_lafka_banner wpb_content_element banner-bottom-left    vc_custom_1729762613686\">\r\n\t\t\t<div class=\"wpb_wrapper\">\r\n\t\t\t\t<div class=\"lafka_whole_banner_wrapper\">\r\n\t\t\t\t\t<a href=\"https:\/\/fusiongrill.hu\/en\/kategoriak\/indokinai\/\" target=\"_self\" title=\"Indochinese dishes\">\r\n\t\t\t\t\t\t\t\t\t\t\t\t\t<div class=\"lafka_banner_image\">\r\n\t\t\t\t\t\t\t\t<img loading=\"lazy\" decoding=\"async\" width=\"1200\" height=\"900\" src=\"https:\/\/fusiongrill.hu\/wp-content\/uploads\/2024\/03\/indochinese.jpg\" class=\"lafka_banner_bg\" alt=\"Indok\u00ednai \u00cdzeink\" srcset=\"https:\/\/fusiongrill.hu\/wp-content\/uploads\/2024\/03\/indochinese.jpg 1200w, https:\/\/fusiongrill.hu\/wp-content\/uploads\/2024\/03\/indochinese-300x225.jpg 300w, https:\/\/fusiongrill.hu\/wp-content\/uploads\/2024\/03\/indochinese-1024x768.jpg 1024w, https:\/\/fusiongrill.hu\/wp-content\/uploads\/2024\/03\/indochinese-768x576.jpg 768w, https:\/\/fusiongrill.hu\/wp-content\/uploads\/2024\/03\/indochinese-16x12.jpg 16w, https:\/\/fusiongrill.hu\/wp-content\/uploads\/2024\/03\/indochinese-100x75.jpg 100w, https:\/\/fusiongrill.hu\/wp-content\/uploads\/2024\/03\/indochinese-400x300.jpg 400w, https:\/\/fusiongrill.hu\/wp-content\/uploads\/2024\/03\/indochinese-600x450.jpg 600w\" sizes=\"auto, (max-width: 1200px) 100vw, 1200px\" \/>\t\t\t\t\t\t\t<\/div>\r\n\t\t\t\t\t\t\t\t\t\t\t\t<div class=\"lafka_banner_text\">\r\n\t\t\t\t\t\t\t<div class=\"lafka_banner_centering\">\r\n\t\t\t\t\t\t\t\t<div class=\"lafka_banner_centered\">\r\n\t\t\t\t\t\t\t\t\t\t\t\t\t\t\t\t\t\t                                        <h5  >Taste our<\/h5>\r\n\t\t\t\t\t\t\t\t\t\t\t\t\t\t\t\t\t\t\t\t\t\t\t\t\t\t\t\t<h4><span>Indochinese dishes<\/span><\/h4>\r\n\t\t\t\t\t\t\t\t\t\t\t\t\t\t\t\t\t\t\t\t\t\t\t\t\t\t\t\t\t\t\t\t\t\t\t<\/div>\r\n\t\t\t\t\t\t\t<\/div>\r\n\t\t\t\t\t\t<\/div>\r\n\t\t\t\t\t<\/a>\r\n\t\t\t\t<\/div>\r\n\t\t\t<\/div>\r\n\t\t<\/div>\r\n\t\t<\/div><\/div><\/div><div class=\"wpb_column vc_column_container vc_col-sm-4\"><div class=\"vc_column-inner\"><div class=\"wpb_wrapper\">\t\t<div class=\"wpb_lafka_banner wpb_content_element banner-bottom-left    vc_custom_1729762619591\">\r\n\t\t\t<div class=\"wpb_wrapper\">\r\n\t\t\t\t<div class=\"lafka_whole_banner_wrapper\">\r\n\t\t\t\t\t<a href=\"https:\/\/fusiongrill.hu\/en\/termekek\/vajas-garnelarak-curry\/\" target=\"_self\" title=\"Indian Shrimp Curry\">\r\n\t\t\t\t\t\t\t\t\t\t\t\t\t<div class=\"lafka_banner_image\">\r\n\t\t\t\t\t\t\t\t<img loading=\"lazy\" decoding=\"async\" width=\"680\" height=\"500\" src=\"https:\/\/fusiongrill.hu\/wp-content\/uploads\/2023\/03\/garnelas-etelek-fooldal.jpg\" class=\"lafka_banner_bg\" alt=\"Indiai Garn\u00e9lar\u00e1kos Curry\" srcset=\"https:\/\/fusiongrill.hu\/wp-content\/uploads\/2023\/03\/garnelas-etelek-fooldal.jpg 680w, https:\/\/fusiongrill.hu\/wp-content\/uploads\/2023\/03\/garnelas-etelek-fooldal-300x221.jpg 300w, https:\/\/fusiongrill.hu\/wp-content\/uploads\/2023\/03\/garnelas-etelek-fooldal-16x12.jpg 16w, https:\/\/fusiongrill.hu\/wp-content\/uploads\/2023\/03\/garnelas-etelek-fooldal-100x74.jpg 100w, https:\/\/fusiongrill.hu\/wp-content\/uploads\/2023\/03\/garnelas-etelek-fooldal-600x441.jpg 600w\" sizes=\"auto, (max-width: 680px) 100vw, 680px\" \/>\t\t\t\t\t\t\t<\/div>\r\n\t\t\t\t\t\t\t\t\t\t\t\t<div class=\"lafka_banner_text\">\r\n\t\t\t\t\t\t\t<div class=\"lafka_banner_centering\">\r\n\t\t\t\t\t\t\t\t<div class=\"lafka_banner_centered\">\r\n\t\t\t\t\t\t\t\t\t\t\t\t\t\t\t\t\t\t                                        <h5  >New Dish!<\/h5>\r\n\t\t\t\t\t\t\t\t\t\t\t\t\t\t\t\t\t\t\t\t\t\t\t\t\t\t\t\t<h4><span>Indian Shrimp Curry<\/span><\/h4>\r\n\t\t\t\t\t\t\t\t\t\t\t\t\t\t\t\t\t\t\t\t\t\t\t\t\t\t\t\t\t\t\t\t\t\t\t<\/div>\r\n\t\t\t\t\t\t\t<\/div>\r\n\t\t\t\t\t\t<\/div>\r\n\t\t\t\t\t<\/a>\r\n\t\t\t\t<\/div>\r\n\t\t\t<\/div>\r\n\t\t<\/div>\r\n\t\t<\/div><\/div><\/div><div class=\"wpb_column vc_column_container vc_col-sm-4\"><div class=\"vc_column-inner\"><div class=\"wpb_wrapper\">\t\t<div class=\"wpb_lafka_banner wpb_content_element banner-bottom-left    vc_custom_1729762630837\">\r\n\t\t\t<div class=\"wpb_wrapper\">\r\n\t\t\t\t<div class=\"lafka_whole_banner_wrapper\">\r\n\t\t\t\t\t<a href=\"https:\/\/fusiongrill.hu\/en\/termekek\/tacos\/\" target=\"_self\" title=\"Chicken, Shrimp, Vegetarian\">\r\n\t\t\t\t\t\t\t\t\t\t\t\t\t<div class=\"lafka_banner_image\">\r\n\t\t\t\t\t\t\t\t<img loading=\"lazy\" decoding=\"async\" width=\"680\" height=\"500\" src=\"https:\/\/fusiongrill.hu\/wp-content\/uploads\/2023\/03\/bovult-Taco-kinalat.jpg\" class=\"lafka_banner_bg\" alt=\"Csirk\u00e9s, Garn\u00e9l\u00e1s, Veget\u00e1ri\u00e1nus\" srcset=\"https:\/\/fusiongrill.hu\/wp-content\/uploads\/2023\/03\/bovult-Taco-kinalat.jpg 680w, https:\/\/fusiongrill.hu\/wp-content\/uploads\/2023\/03\/bovult-Taco-kinalat-300x221.jpg 300w, https:\/\/fusiongrill.hu\/wp-content\/uploads\/2023\/03\/bovult-Taco-kinalat-16x12.jpg 16w, https:\/\/fusiongrill.hu\/wp-content\/uploads\/2023\/03\/bovult-Taco-kinalat-100x74.jpg 100w, https:\/\/fusiongrill.hu\/wp-content\/uploads\/2023\/03\/bovult-Taco-kinalat-600x441.jpg 600w\" sizes=\"auto, (max-width: 680px) 100vw, 680px\" \/>\t\t\t\t\t\t\t<\/div>\r\n\t\t\t\t\t\t\t\t\t\t\t\t<div class=\"lafka_banner_text\">\r\n\t\t\t\t\t\t\t<div class=\"lafka_banner_centering\">\r\n\t\t\t\t\t\t\t\t<div class=\"lafka_banner_centered\">\r\n\t\t\t\t\t\t\t\t\t\t\t\t\t\t\t\t\t\t                                        <h5  >Our new Tacos!<\/h5>\r\n\t\t\t\t\t\t\t\t\t\t\t\t\t\t\t\t\t\t\t\t\t\t\t\t\t\t\t\t<h4><span>Chicken, Shrimp, Vegetarian<\/span><\/h4>\r\n\t\t\t\t\t\t\t\t\t\t\t\t\t\t\t\t\t\t\t\t\t\t\t\t\t\t\t\t\t\t\t\t\t\t\t<\/div>\r\n\t\t\t\t\t\t\t<\/div>\r\n\t\t\t\t\t\t<\/div>\r\n\t\t\t\t\t<\/a>\r\n\t\t\t\t<\/div>\r\n\t\t\t<\/div>\r\n\t\t<\/div>\r\n\t\t<\/div><\/div><\/div><\/div>\r\n\r\n\r\n\r\n<div class=\"vc_row wpb_row vc_inner vc_row-fluid\" >\r\n\t<div class=\"wpb_column vc_column_container vc_col-sm-6\"><div class=\"vc_column-inner\"><div class=\"wpb_wrapper\">\t\t<div class=\"wpb_lafka_banner wpb_content_element banner-bottom-left    vc_custom_1729762642479\">\r\n\t\t\t<div class=\"wpb_wrapper\">\r\n\t\t\t\t<div class=\"lafka_whole_banner_wrapper\">\r\n\t\t\t\t\t<a href=\"https:\/\/fusiongrill.hu\/en\/kategoriak\/italok\/\" target=\"_self\" title=\"Chai Tea and Mango Lassi\">\r\n\t\t\t\t\t\t\t\t\t\t\t\t\t<div class=\"lafka_banner_image\">\r\n\t\t\t\t\t\t\t\t<img loading=\"lazy\" decoding=\"async\" width=\"680\" height=\"233\" src=\"https:\/\/fusiongrill.hu\/wp-content\/uploads\/2022\/05\/7Drinks.jpg\" class=\"lafka_banner_bg\" alt=\"Chai Tea \u00e9s Mango Lassi\" srcset=\"https:\/\/fusiongrill.hu\/wp-content\/uploads\/2022\/05\/7Drinks.jpg 680w, https:\/\/fusiongrill.hu\/wp-content\/uploads\/2022\/05\/7Drinks-300x103.jpg 300w, https:\/\/fusiongrill.hu\/wp-content\/uploads\/2022\/05\/7Drinks-18x6.jpg 18w, https:\/\/fusiongrill.hu\/wp-content\/uploads\/2022\/05\/7Drinks-100x34.jpg 100w, https:\/\/fusiongrill.hu\/wp-content\/uploads\/2022\/05\/7Drinks-600x206.jpg 600w\" sizes=\"auto, (max-width: 680px) 100vw, 680px\" \/>\t\t\t\t\t\t\t<\/div>\r\n\t\t\t\t\t\t\t\t\t\t\t\t<div class=\"lafka_banner_text\">\r\n\t\t\t\t\t\t\t<div class=\"lafka_banner_centering\">\r\n\t\t\t\t\t\t\t\t<div class=\"lafka_banner_centered\">\r\n\t\t\t\t\t\t\t\t\t\t\t\t\t\t\t\t\t\t                                        <h5  >Indian Drinks<\/h5>\r\n\t\t\t\t\t\t\t\t\t\t\t\t\t\t\t\t\t\t\t\t\t\t\t\t\t\t\t\t<h4><span>Chai Tea and Mango Lassi<\/span><\/h4>\r\n\t\t\t\t\t\t\t\t\t\t\t\t\t\t\t\t\t\t\t\t\t\t\t\t\t\t\t\t\t\t\t\t\t\t\t<\/div>\r\n\t\t\t\t\t\t\t<\/div>\r\n\t\t\t\t\t\t<\/div>\r\n\t\t\t\t\t<\/a>\r\n\t\t\t\t<\/div>\r\n\t\t\t<\/div>\r\n\t\t<\/div>\r\n\t\t\t\t<div class=\"wpb_lafka_banner wpb_content_element banner-bottom-left    vc_custom_1729762665748\">\r\n\t\t\t<div class=\"wpb_wrapper\">\r\n\t\t\t\t<div class=\"lafka_whole_banner_wrapper\">\r\n\t\t\t\t\t<a href=\"https:\/\/fusiongrill.hu\/en\/kategoriak\/olasz\/desszertek\/\" target=\"_self\" title=\"Crepes = Joy\">\r\n\t\t\t\t\t\t\t\t\t\t\t\t\t<div class=\"lafka_banner_image\">\r\n\t\t\t\t\t\t\t\t<img loading=\"lazy\" decoding=\"async\" width=\"680\" height=\"233\" src=\"https:\/\/fusiongrill.hu\/wp-content\/uploads\/2022\/05\/8Crepes.jpg\" class=\"lafka_banner_bg\" alt=\"Crepes = J\u00f3kedv\" srcset=\"https:\/\/fusiongrill.hu\/wp-content\/uploads\/2022\/05\/8Crepes.jpg 680w, https:\/\/fusiongrill.hu\/wp-content\/uploads\/2022\/05\/8Crepes-300x103.jpg 300w, https:\/\/fusiongrill.hu\/wp-content\/uploads\/2022\/05\/8Crepes-18x6.jpg 18w, https:\/\/fusiongrill.hu\/wp-content\/uploads\/2022\/05\/8Crepes-100x34.jpg 100w, https:\/\/fusiongrill.hu\/wp-content\/uploads\/2022\/05\/8Crepes-600x206.jpg 600w\" sizes=\"auto, (max-width: 680px) 100vw, 680px\" \/>\t\t\t\t\t\t\t<\/div>\r\n\t\t\t\t\t\t\t\t\t\t\t\t<div class=\"lafka_banner_text\">\r\n\t\t\t\t\t\t\t<div class=\"lafka_banner_centering\">\r\n\t\t\t\t\t\t\t\t<div class=\"lafka_banner_centered\">\r\n\t\t\t\t\t\t\t\t\t\t\t\t\t\t\t\t\t\t                                        <h5  >You should not miss this!<\/h5>\r\n\t\t\t\t\t\t\t\t\t\t\t\t\t\t\t\t\t\t\t\t\t\t\t\t\t\t\t\t<h4><span>Crepes = Joy<\/span><\/h4>\r\n\t\t\t\t\t\t\t\t\t\t\t\t\t\t\t\t\t\t\t\t\t\t\t\t\t\t\t\t\t\t\t\t\t\t\t<\/div>\r\n\t\t\t\t\t\t\t<\/div>\r\n\t\t\t\t\t\t<\/div>\r\n\t\t\t\t\t<\/a>\r\n\t\t\t\t<\/div>\r\n\t\t\t<\/div>\r\n\t\t<\/div>\r\n\t\t<\/div><\/div><\/div><div class=\"wpb_column vc_column_container vc_col-sm-6\"><div class=\"vc_column-inner\"><div class=\"wpb_wrapper\">\t\t<div class=\"wpb_lafka_banner wpb_content_element banner-bottom-left    vc_custom_1729762651652\">\r\n\t\t\t<div class=\"wpb_wrapper\">\r\n\t\t\t\t<div class=\"lafka_whole_banner_wrapper\">\r\n\t\t\t\t\t<a href=\"https:\/\/fusiongrill.hu\/en\/mi-a-tandoor-konyha-es-miert-olyan-finom\/\" target=\"_self\" title=\"Tandoori Chicken\">\r\n\t\t\t\t\t\t\t\t\t\t\t\t\t<div class=\"lafka_banner_image\">\r\n\t\t\t\t\t\t\t\t<img loading=\"lazy\" decoding=\"async\" width=\"680\" height=\"500\" src=\"https:\/\/fusiongrill.hu\/wp-content\/uploads\/2022\/05\/9tandoor.jpg\" class=\"lafka_banner_bg\" alt=\"Tandoori Csirke\" srcset=\"https:\/\/fusiongrill.hu\/wp-content\/uploads\/2022\/05\/9tandoor.jpg 680w, https:\/\/fusiongrill.hu\/wp-content\/uploads\/2022\/05\/9tandoor-300x221.jpg 300w, https:\/\/fusiongrill.hu\/wp-content\/uploads\/2022\/05\/9tandoor-16x12.jpg 16w, https:\/\/fusiongrill.hu\/wp-content\/uploads\/2022\/05\/9tandoor-100x74.jpg 100w, https:\/\/fusiongrill.hu\/wp-content\/uploads\/2022\/05\/9tandoor-600x441.jpg 600w\" sizes=\"auto, (max-width: 680px) 100vw, 680px\" \/>\t\t\t\t\t\t\t<\/div>\r\n\t\t\t\t\t\t\t\t\t\t\t\t<div class=\"lafka_banner_text\">\r\n\t\t\t\t\t\t\t<div class=\"lafka_banner_centering\">\r\n\t\t\t\t\t\t\t\t<div class=\"lafka_banner_centered\">\r\n\t\t\t\t\t\t\t\t\t\t\t\t\t\t\t\t\t\t                                        <h5  >We are taking the tandoori grill to the next level<\/h5>\r\n\t\t\t\t\t\t\t\t\t\t\t\t\t\t\t\t\t\t\t\t\t\t\t\t\t\t\t\t<h4><span>Tandoori Chicken<\/span><\/h4>\r\n\t\t\t\t\t\t\t\t\t\t\t\t\t\t\t\t\t\t\t\t\t\t\t\t\t\t\t\t\t\t\t\t\t\t\t<\/div>\r\n\t\t\t\t\t\t\t<\/div>\r\n\t\t\t\t\t\t<\/div>\r\n\t\t\t\t\t<\/a>\r\n\t\t\t\t<\/div>\r\n\t\t\t<\/div>\r\n\t\t<\/div>\r\n\t\t<\/div><\/div><\/div><\/div>\r\n\r\n\r\n\r\n<\/div><\/div><\/div><\/div>\r\n\r\n<div class=\"vc_row-full-width vc_clearfix\"><\/div>\r\n\r\n<div data-vc-full-width=\"true\" data-vc-full-width-init=\"false\" class=\"vc_row wpb_row vc_row-fluid vc_custom_1652350145732 vc_row-has-fill vc_row-o-content-middle vc_row-flex\">\r\n    <div class=\"wpb_column vc_column_container vc_col-sm-12\"><div class=\"vc_column-inner vc_custom_1555854757592\"><div class=\"wpb_wrapper\">\n\t<div class=\"wpb_text_column wpb_content_element\" >\n\t\t<div class=\"wpb_wrapper\">\n\t\t\t<h1 style=\"text-align: left;\">Indian restaurant in the middle of P\u00e9cs \u2013 Fusion Grill<\/h1>\n<p style=\"color: black; text-align: left;\" class=\"translation-block\">Fusion Grill is an authentic Indian restaurant in P\u00e9cs that combines the rich flavors of traditional Indian cuisine with modern fusion solutions. If you are looking for an Indian restaurant in P\u00e9cs where the dishes truly evoke India, while offering a friendly and cozy atmosphere, Fusion Grill is the best choice.\nAs an Indian restaurant, we pay special attention to ensuring that all dishes are prepared from fresh ingredients and <a href=\"https:\/\/fusiongrill.hu\/en\/legfontosabb-fuszereink\/\" target=\"_self\"><b>original Indian spices<\/b><\/a>. Our goal is to provide our guests with not just a dinner, but a true gastrono-experience.<\/p>\n<h2 style=\"text-align: left;\">Why is Fusion Grill one of the best Indian restaurants in P\u00e9cs?<\/h2>\n<p style=\"color: black; text-align: left;\">The Fusion Grill Indian restaurant is based on three core values:<br \/>\n<strong>Authentic Indian flavors<\/strong><br \/>\nOur dishes follow the traditions of Indian cuisine \u2013 curries, spice blends, and cooking techniques that truly bring the atmosphere of India to P\u00e9cs.<br \/>\n<strong>High-quality raw materials<\/strong><br \/>\nWe work exclusively with fresh, carefully selected ingredients.<br \/>\n<strong>Friendly service and atmosphere<\/strong><br \/>\nA good Indian restaurant is not just about the flavors \u2014 your experience is just as important to us.<\/p>\n\n\t\t<\/div>\n\t<\/div>\n<\/div><\/div><\/div><\/div>\r\n\r\n<div class=\"vc_row-full-width vc_clearfix\"><\/div>\r\n\r\n<div class=\"vc_row wpb_row vc_row-fluid\">\r\n    <div class=\"wpb_column vc_column_container vc_col-sm-12\"><div class=\"vc_column-inner\"><div class=\"wpb_wrapper\"><\/div><\/div><\/div><\/div>\n<\/div>","protected":false},"excerpt":{"rendered":"V\u00e1logass meg\u00fajult \u00e9tlapunkr\u00f3l! A legfinomabb Tex-Mex \u00edzek Eb\u00e9d men\u00fc P\u00e9nteken! K\u00f3stold meg Indok\u00ednai \u00cdzeink Az \u00faj \u00e9tlapon Indiai Garn\u00e9lar\u00e1kos Curry B\u0151v\u00fclt Taco k\u00edn\u00e1latunk! Csirk\u00e9s, Garn\u00e9l\u00e1s, Veget\u00e1ri\u00e1nus India Italok Chai Tea \u00e9s Mango Lassi Ezt nem hagyhatod ki! Crepes = J\u00f3kedv Ismerd meg a Tandoor Grill \u00edzeit! Tandoori Csirke Indiai \u00e9tterem P\u00e9cs belv\u00e1ros\u00e1ban \u2013 Fusion Grill...<a class=\"r_more_blog\" href=\"https:\/\/fusiongrill.hu\/en\/#more-3407\"> continue reading<\/a>","protected":false},"author":1,"featured_media":0,"parent":0,"menu_order":0,"comment_status":"closed","ping_status":"closed","template":"","meta":{"footnotes":""},"class_list":["post-3407","page","type-page","status-publish","hentry"],"_links":{"self":[{"href":"https:\/\/fusiongrill.hu\/en\/wp-json\/wp\/v2\/pages\/3407","targetHints":{"allow":["GET"]}}],"collection":[{"href":"https:\/\/fusiongrill.hu\/en\/wp-json\/wp\/v2\/pages"}],"about":[{"href":"https:\/\/fusiongrill.hu\/en\/wp-json\/wp\/v2\/types\/page"}],"author":[{"embeddable":true,"href":"https:\/\/fusiongrill.hu\/en\/wp-json\/wp\/v2\/users\/1"}],"replies":[{"embeddable":true,"href":"https:\/\/fusiongrill.hu\/en\/wp-json\/wp\/v2\/comments?post=3407"}],"version-history":[{"count":89,"href":"https:\/\/fusiongrill.hu\/en\/wp-json\/wp\/v2\/pages\/3407\/revisions"}],"predecessor-version":[{"id":6154,"href":"https:\/\/fusiongrill.hu\/en\/wp-json\/wp\/v2\/pages\/3407\/revisions\/6154"}],"wp:attachment":[{"href":"https:\/\/fusiongrill.hu\/en\/wp-json\/wp\/v2\/media?parent=3407"}],"curies":[{"name":"wp","href":"https:\/\/api.w.org\/{rel}","templated":true}]}}