{"id":19,"date":"2019-03-28T10:19:08","date_gmt":"2019-03-28T10:19:08","guid":{"rendered":"https:\/\/lafka.althemist.com\/fastfood\/?page_id=19"},"modified":"2026-02-04T09:43:37","modified_gmt":"2026-02-04T08:43:37","slug":"elerhetosegek","status":"publish","type":"page","link":"https:\/\/fusiongrill.hu\/en\/elerhetosegek\/","title":{"rendered":"Contact"},"content":{"rendered":"<div class=\"wpb-content-wrapper\"><div class=\"vc_row wpb_row vc_row-fluid vc_custom_1770194570355\">\r\n    <div class=\"wpb_column vc_column_container vc_col-sm-12\"><div class=\"vc_column-inner\"><div class=\"wpb_wrapper\">            <div class=\"lafka-google-maps lafka-map-shortcode\">\r\n                <div id=\"map_canvas69e7c9c0edf7c\" class=\"map_canvas\" style=\"width:100%; height:650px\"><\/div>\r\n                <div class=\"directions_holder\">\r\n                    <h4><i class=\"fa fa-map-marker\"><\/i> Get Directions<\/h4>\r\n                    <p>Fill in your address or zipcode to calculate the route<\/p>\r\n                    <form action=\"\" align=\"right\" onsubmit=\"calcRoute('routeStart69e7c9c0edf7d', '46.076250', '18.220743', 'map_canvas69e7c9c0edf7c');                                        return false;\" data-trp-original-action=\"\">\r\n                        <input type=\"text\" id=\"routeStart69e7c9c0edf7d\" value=\"\" placeholder=\"Address or postcode\" style=\"margin-top:3px\"><br \/><br \/>\r\n                        <input type=\"submit\" value=\"Calculate route\" class=\"button\" onclick=\"calcRoute('routeStart69e7c9c0edf7d', '46.076250', '18.220743', 'map_canvas69e7c9c0edf7c');                                            return false;\" \/>\r\n                    <input type=\"hidden\" name=\"trp-form-language\" value=\"en\"\/><\/form>\r\n                <\/div>\r\n            <\/div>\r\n\r\n            <\/div><\/div><\/div><\/div>\r\n\r\n\r\n\r\n<div class=\"vc_row wpb_row vc_row-fluid vc_custom_1770194600784 vc_column-gap-35\">\r\n    <div class=\"wpb_column vc_column_container vc_col-sm-8\"><div class=\"vc_column-inner\"><div class=\"wpb_wrapper\">\n\t<div class=\"wpb_text_column wpb_content_element vc_custom_1620809286992\" >\n\t\t<div class=\"wpb_wrapper\">\n\t\t\t<h4>Contact us!<\/h4>\n\n\t\t<\/div>\n\t<\/div>\n\n\t<div class=\"wpb_text_column wpb_content_element\" >\n\t\t<div class=\"wpb_wrapper\">\n\t\t\t<p>Did you enjoy your meal and want to thank the chef for a great lunch? Send us a message!<\/p>\n\n\t\t<\/div>\n\t<\/div>\n        <div id=\"holder_lafka_contactform69e7c9c0ee38b\" class=\"lafka-contacts-holder lafka-contacts-shortcode\" >\r\n                        <form action=\"https:\/\/fusiongrill.hu\/wp-admin\/admin-ajax.php\" method=\"post\" class=\"contact-form\">\n\t\t\t<div class=\"content lafka_name\"> <span>Your Name:<\/span>\n\t\t\t<input type=\"text\" value=\"\" name=\"lafka_name\" \/>\n\t\t\t\t\t<\/div>\n\n\t\t\t\t<div class=\"content lafka_email\"> <span>E-Mail Address:<\/span>\n\t\t\t<input type=\"text\" value=\"\" name=\"lafka_email\" \/>\n\t\t\t\t\t<\/div>\n\t\t\t\t<div class=\"content lafka_phone\"> <span>Phone:<\/span>\n\t\t\t<input type=\"text\" value=\"\" name=\"lafka_phone\" \/>\n\t\t\t\t\t<\/div>\n\t\t\t\t\t<div class=\"content lafka_subject\"> <span>Subject:<\/span>\n\t\t\t<input type=\"text\" value=\"\" name=\"lafka_subject\" \/>\n\t\t\t\t\t<\/div>\n\t\t<div class=\"content lafka_enquiry\"> <span>Message Text:<\/span>\n\t\t<textarea style=\"width: 99%;\" rows=\"10\" cols=\"40\" name=\"lafka_enquiry\"><\/textarea>\n\t\t\t<\/div>\n\t\t\t\t\t<div class=\"content lafka_form_test\">\n\t\t\tProve you&#039;re a human: <span class=\"constant\">1<\/span> + <span class=\"random\">7<\/span> = ? <input type=\"text\" value=\"\" name=\"lafka_captcha_answer\" \/>\n\t\t<\/div>\n\t\t\t\t\t<div class=\"buttons\">\n\t\t<input type=\"hidden\" name=\"lafka_contact_submitted\" value=\"7\">\n\t\t<input type=\"hidden\" name=\"shortcode_params_for_tpl\" value=\"{&quot;lafka_title&quot;:&quot;&quot;,&quot;lafka_contact_mail_to&quot;:&quot;fusiongrillpecs@gmail.com&quot;,&quot;lafka_simple_captcha&quot;:&quot;1&quot;,&quot;lafka_contact_form_fields&quot;:&quot;name,email,phone,subject&quot;}\">\n\t\t<div class=\"left\"><input class=\"button button-orange\" value=\"Send message\" type=\"submit\"><\/div>\n\t<\/div>\n<\/form>\n        <\/div>\r\n        <\/div><\/div><\/div><div class=\"wpb_column vc_column_container vc_col-sm-4\"><div class=\"vc_column-inner\"><div class=\"wpb_wrapper\">\n\t<div class=\"wpb_text_column wpb_content_element vc_custom_1652434201535\" >\n\t\t<div class=\"wpb_wrapper\">\n\t\t\t<h4>Our Restaurant<\/h4>\n\n\t\t<\/div>\n\t<\/div>\n\n\t<div class=\"wpb_text_column wpb_content_element\" >\n\t\t<div class=\"wpb_wrapper\">\n\t\t\t<p>7624 P\u00e9cs<br \/>\nKlim\u00f3 Gy\u00f6rgy u. 3<br \/>\nPhone: +36 30 825 9915<br \/>\nEmail: rendeles@fusiongrill.hu<\/p>\n\n\t\t<\/div>\n\t<\/div>\n\n\t<div class=\"wpb_text_column wpb_content_element vc_custom_1659695095255\" >\n\t\t<div class=\"wpb_wrapper\">\n\t\t\t<h4>Parking in the area<\/h4>\n\n\t\t<\/div>\n\t<\/div>\n\n\t<div class=\"wpb_text_column wpb_content_element\" >\n\t\t<div class=\"wpb_wrapper\">\n\t\t\t<p><a href=\"https:\/\/goo.gl\/maps\/vgbqi5UxS4jqwinT9\" target=\"_blank\" rel=\"noopener\">S\u00e1nc utca: P\u00e9cs, Klim\u00f3 Gy\u00f6rgy u. 19, 7624 (ca. 100m away)<\/a><br \/>\n<a href=\"https:\/\/goo.gl\/maps\/nSACWbKmYeQb5otj6\" target=\"_blank\" rel=\"noopener\">P\u00e1tria parking lot: P\u00e9cs, R\u00e1k\u00f3czi \u00fat 3, 7621 (ca. 450m away)<\/a><br \/>\n<a href=\"https:\/\/goo.gl\/maps\/VyKyFhhjiVp88HmP8\" target=\"_blank\" rel=\"noopener\">Szent Istv\u00e1n parking lot: P\u00e9cs, Szent Istv\u00e1n t\u00e9r, 7621 (ca. 250m away)<\/a><\/p>\n\n\t\t<\/div>\n\t<\/div>\n\n\t<div class=\"wpb_text_column wpb_content_element vc_custom_1768900507251\" >\n\t\t<div class=\"wpb_wrapper\">\n\t\t\t<p><span style=\"color: #333333;\"><strong>Opening Hours<\/strong><\/span><\/p>\n<p>Monday \u2013 Tuesday: CLOSED<br \/>\nSzerda \u2013 Cs\u00fct\u00f6rt\u00f6k: 17:00 \u2013 21:00<br \/>\nFriday: 12:00 \u2013 21:00<br \/>\nSaturday: 11:00 \u2013 21:00<br \/>\nSunday: 11:00 \u2013 18:00<\/p>\n\n\t\t<\/div>\n\t<\/div>\n<\/div><\/div><\/div><\/div>\n<\/div>","protected":false},"excerpt":{"rendered":"Get Directions Fill in your address or zipcode to calculate the route \u00dczenj nek\u00fcnk! \u00cdzlett az \u00e9tel \u00e9s megk\u00f6sz\u00f6nn\u00e9d a szak\u00e1csnak a remek eb\u00e9det? K\u00fcldj egy \u00fczenetet! Your Name: E-Mail Address: Phone: Subject: Message Text: Prove you&#039;re a human: 1 + 3 = ? \u00c9tterm\u00fcnk 7624 P\u00e9cs Klim\u00f3 Gy\u00f6rgy u. 3 Telefon: +36 30 825...<a class=\"r_more_blog\" href=\"https:\/\/fusiongrill.hu\/en\/elerhetosegek\/#more-19\"> continue reading<\/a>","protected":false},"author":1,"featured_media":0,"parent":0,"menu_order":0,"comment_status":"closed","ping_status":"closed","template":"","meta":{"footnotes":""},"class_list":["post-19","page","type-page","status-publish","hentry"],"_links":{"self":[{"href":"https:\/\/fusiongrill.hu\/en\/wp-json\/wp\/v2\/pages\/19","targetHints":{"allow":["GET"]}}],"collection":[{"href":"https:\/\/fusiongrill.hu\/en\/wp-json\/wp\/v2\/pages"}],"about":[{"href":"https:\/\/fusiongrill.hu\/en\/wp-json\/wp\/v2\/types\/page"}],"author":[{"embeddable":true,"href":"https:\/\/fusiongrill.hu\/en\/wp-json\/wp\/v2\/users\/1"}],"replies":[{"embeddable":true,"href":"https:\/\/fusiongrill.hu\/en\/wp-json\/wp\/v2\/comments?post=19"}],"version-history":[{"count":38,"href":"https:\/\/fusiongrill.hu\/en\/wp-json\/wp\/v2\/pages\/19\/revisions"}],"predecessor-version":[{"id":6049,"href":"https:\/\/fusiongrill.hu\/en\/wp-json\/wp\/v2\/pages\/19\/revisions\/6049"}],"wp:attachment":[{"href":"https:\/\/fusiongrill.hu\/en\/wp-json\/wp\/v2\/media?parent=19"}],"curies":[{"name":"wp","href":"https:\/\/api.w.org\/{rel}","templated":true}]}}